{"id":5116,"date":"2020-11-26T14:06:09","date_gmt":"2020-11-26T13:06:09","guid":{"rendered":"https:\/\/www.mattiaqua.de\/kallebad\/"},"modified":"2026-04-24T11:50:35","modified_gmt":"2026-04-24T09:50:35","slug":"kallebad","status":"publish","type":"page","link":"https:\/\/www.mattiaqua.de\/en\/pools\/kallebad\/","title":{"rendered":"Kallebad"},"content":{"rendered":"\n<div class=\"wp-block-cover is-light has-background-dim has-background-gradient\" style=\"min-height:350px;aspect-ratio:unset;\"><img loading=\"lazy\" decoding=\"async\" width=\"1920\" height=\"600\" sizes=\"auto, (max-width: 1920px) 100vw, 1920px\" class=\"wp-block-cover__image-background wp-image-519\" alt=\"\" src=\"https:\/\/www.mattiaqua.de\/wp-content\/uploads\/B_Headerbilder_Kallebad.jpg\" data-object-fit=\"cover\" srcset=\"https:\/\/www.mattiaqua.de\/wp-content\/uploads\/B_Headerbilder_Kallebad.jpg 1920w, https:\/\/www.mattiaqua.de\/wp-content\/uploads\/B_Headerbilder_Kallebad-500x156.jpg 500w, https:\/\/www.mattiaqua.de\/wp-content\/uploads\/B_Headerbilder_Kallebad-1024x320.jpg 1024w, https:\/\/www.mattiaqua.de\/wp-content\/uploads\/B_Headerbilder_Kallebad-768x240.jpg 768w, https:\/\/www.mattiaqua.de\/wp-content\/uploads\/B_Headerbilder_Kallebad-1536x480.jpg 1536w, https:\/\/www.mattiaqua.de\/wp-content\/uploads\/B_Headerbilder_Kallebad-380x119.jpg 380w, https:\/\/www.mattiaqua.de\/wp-content\/uploads\/B_Headerbilder_Kallebad-320x100.jpg 320w, https:\/\/www.mattiaqua.de\/wp-content\/uploads\/B_Headerbilder_Kallebad-244x76.jpg 244w\" \/><span aria-hidden=\"true\" class=\"wp-block-cover__background has-background-dim wp-block-cover__gradient-background has-background-gradient\" style=\"background:linear-gradient(180deg,rgb(18,62,102) 31%,rgba(82,174,255,0) 100%)\"><\/span><div class=\"wp-block-cover__inner-container is-layout-flow wp-block-cover-is-layout-flow\">\n<h1 class=\"wp-block-heading\">Kallebad outdoor pool<\/h1>\n<\/div><\/div>\n\n\n<div class=\"lazyblock-baeder-tabs-ZmTULo wp-block-lazyblock-baeder-tabs\">\n<div class=\"tabs-baeder\" id=\"baedertabs-69fb12976f70e\">\n    <ul class=\"nav nav-tabs nav-fill\" role=\"tablist\">\n        <li class=\"nav-item\" role=\"presentation\">\n            <button class=\"nav-link active\" id=\"zeiten-tab-69fb12976f70e\" data-bs-toggle=\"tab\" data-bs-target=\"#zeiten-69fb12976f70e\" type=\"button\" role=\"tab\" aria-controls=\"zeiten-69fb12976f70e\" aria-selected=\"true\">\n                <i class=\"fas fa-clock me-md-2\"><\/i><span class=\"small d-none d-md-inline\">Opening Hours<\/span>\n            <\/button>\n        <\/li>\n        <li class=\"nav-item\" role=\"presentation\">\n            <button class=\"nav-link\" id=\"kontakt-tab-69fb12976f70e\" data-bs-toggle=\"tab\" data-bs-target=\"#kontakt-69fb12976f70e\" type=\"button\" role=\"tab\" aria-controls=\"kontakt-69fb12976f70e\" aria-selected=\"false\">\n                <i class=\"fas fa-phone me-md-2\"><\/i><span class=\"small d-none d-md-inline\">Contact<\/span>\n            <\/button>\n        <\/li>\n                <li class=\"nav-item\" role=\"presentation\">\n            <button class=\"nav-link\" id=\"buchung-tab-69fb12976f70e\" data-bs-toggle=\"tab\" data-bs-target=\"#buchung-69fb12976f70e\" type=\"button\" role=\"tab\" aria-controls=\"buchung-69fb12976f70e\" aria-selected=\"false\">\n                <i class=\"fas fa-calendar-alt me-md-2\"><\/i><span class=\"small d-none d-md-inline\">Booking<\/span>\n            <\/button>\n        <\/li>\n                <li class=\"nav-item\" role=\"presentation\">\n            <button class=\"nav-link\" id=\"anfahrt-tab-69fb12976f70e\" data-bs-toggle=\"tab\" data-bs-target=\"#anfahrt-69fb12976f70e\" type=\"button\" role=\"tab\" aria-controls=\"anfahrt-69fb12976f70e\" aria-selected=\"false\">\n                <i class=\"fas fa-map-marked-alt me-md-2\"><\/i><span class=\"small d-none d-md-inline\">Directions<\/span>\n            <\/button>\n        <\/li>\n        <li class=\"nav-item\" role=\"presentation\">\n            <button class=\"nav-link\" id=\"hinweise-tab-69fb12976f70e\" data-bs-toggle=\"tab\" data-bs-target=\"#hinweise-69fb12976f70e\" type=\"button\" role=\"tab\" aria-controls=\"hinweise-69fb12976f70e\" aria-selected=\"false\">\n                <i class=\"fas fa-exclamation-triangle me-md-2\"><\/i><span class=\"small d-none d-md-inline\">Notices<\/span>\n                            <\/button>\n        <\/li>\n    <\/ul>\n\n    <div class=\"tab-content\">\n        <!-- Zeiten -->\n        <div class=\"tab-pane fade show active\" id=\"zeiten-69fb12976f70e\" role=\"tabpanel\">\n                            <p><strong>End of season<\/strong><\/p>\n<p><strong>Mon to Sun:<\/strong>\u00a010 am \u2013 8 pm<\/p>\n<p>Last admission is one hour before closing time; the pools are emptied 30 minutes before closing time.<\/p>\n                    <\/div>\n\n        <!-- Kontakt -->\n        <div class=\"tab-pane fade\" id=\"kontakt-69fb12976f70e\" role=\"tabpanel\">\n                            Email: <a href=\"mailto:kallebad@wiesbaden.de\">kallebad@wiesbaden.de<\/a><br>\n                                        Phone: <a href=\"tel:0611312524\">0611 31-2524<\/a>\n                    <\/div>\n\n        <!-- Buchung -->\n                <div class=\"tab-pane fade text-center py-4\" id=\"buchung-69fb12976f70e\" role=\"tabpanel\">\n                            <a href=\"https:\/\/shop.mattiaqua.de\/category\/8\" class=\"btn btn-primary px-4\" target=\"_blank\" rel=\"noopener\">\n                    Book now                <\/a>\n                    <\/div>\n        \n        <!-- Anfahrt -->\n        <div class=\"tab-pane fade\" id=\"anfahrt-69fb12976f70e\" role=\"tabpanel\">\n            <div class=\"row\">\n                <div class=\"col-md-5 mb-4 mb-md-0\">\n                    <strong>Kallebad<\/strong><br>\n                                            W\u00f6rther-See-Stra\u00dfe 14<br \/>\r\n65187 Wiesbaden                                                            <p class=\"mt-1 mb-0\">\n                        <a href=\"https:\/\/goo.gl\/maps\/1XBWkS5dm68WzESr8\" target=\"_blank\" rel=\"noopener noreferrer\">\n                            <i class=\"fas fa-map-marker-alt\"><\/i> Google Maps\n                        <\/a>\n                    <\/p>\n                                    <\/div>\n                <div class=\"col-md-7\">\n                                        <p class=\"mb-2\">\n                        <b>Public transport:<\/b><br>\n                        Bus lines 15 &amp; 39 to W\u00f6rther-See-Stra\u00dfe; bus line 5 to Kallebad (Saarstra\u00dfe).                    <\/p>\n                                                            <a href=\"https:\/\/www.rmv.de\/auskunft\/bin\/jp\/query.exe\/dn?L=vs_rmv&#038;S=&#038;Z=Wiesbaden+W%F6rther-See-Stra%DFe&#038;timesel=depart\" target=\"_blank\" rel=\"noopener\" class=\"btn btn-primary\">\n                        Find connection                    <\/a>\n                                    <\/div>\n            <\/div>\n        <\/div>\n\n        <!-- Hinweise -->\n        <div class=\"tab-pane fade\" id=\"hinweise-69fb12976f70e\" role=\"tabpanel\">\n                            <p class=\"text-white\">There are currently no notices for this facility.<\/p>\n                    <\/div>\n    <\/div>\n<\/div>\n\n<\/div>\n\n<div class=\"lazyblock-nncontainer-sAhP5 wp-block-lazyblock-nncontainer\"><div class=\"container pt-4 pb-2 pt-lg-5 pb-lg-4\" id=\"sAhP5\">\n  <div class=\"row\">\n    <div class=\"col\">\n      \n\n\n\n\n\n\n\n\n\t<ul class=\"blog-loop\">\n\t\t\t<\/ul>\n\t\t\n\n\n    <\/div>\n  <\/div>\n<\/div><\/div>\n\n\n<div class=\"wp-block-group bg-blue wave-bottom pt-2 pb-4\"><div class=\"wp-block-group__inner-container is-layout-flow wp-block-group-is-layout-flow\"><div class=\"lazyblock-nncontainer-28xtXd wp-block-lazyblock-nncontainer\"><div class=\"container pt-4 pb-2 pt-lg-5 pb-lg-4\" id=\"28xtXd\">\n  <div class=\"row\">\n    <div class=\"col\">\n      \n\n<h2 class=\"wp-block-heading has-text-align-center\">The refreshing water is calling! <\/h2>\n\n\n\n<p>Kallebad outdoor pool is the perfect place to take a dip and catch some rays. The pool has so much on offer for both serious swimmers and sprightly splashers: a paddling pool, water mushroom, elephant slide, Archimedean spiral, stepping stones, water wheel and dam for our young guests\u2026 and a non-swimmers\u2019 and 50 m swimmers\u2019 pool with 8 lanes for our older bathers, as well as a diving bay and a wide water slide \u2013 not to mention our 30,000 m\u00b2 sunbathing lawn and a wide range of sports activities. What are you waiting for?!<\/p>\n\n\n\n<p class=\"has-text-align-left\">Online tickets can be ordered in advance via&nbsp;<a rel=\"noreferrer noopener\" href=\"http:\/\/www.mattiaquacard.de\/\" target=\"_blank\">www.mattiaquacard.de<\/a>. <\/p>\n\n\n    <\/div>\n  <\/div>\n<\/div><\/div><\/div><\/div>\n\n\n<div class=\"lazyblock-nncontainer-Z2vWAua wp-block-lazyblock-nncontainer\"><div class=\"container pt-4 pb-2 pt-lg-5 pb-lg-4\" id=\"Z2vWAua\">\n  <div class=\"row\">\n    <div class=\"col\">\n      \n\n<div class=\"wp-block-columns is-layout-flex wp-container-core-columns-is-layout-9d6595d7 wp-block-columns-is-layout-flex\">\n<div class=\"wp-block-column is-layout-flow wp-block-column-is-layout-flow\"><div class=\"lazyblock-teaserbox-Z1bAawY wp-block-lazyblock-teaserbox\">  <a href=\"https:\/\/www.mattiaqua.de\/en\/pools\/kallebad\/facilities\/\" class=\"card\" id=\"teaserbox-Z1bAawY\">\r\n  <figure class=\"card-img-top\">\r\n    <img decoding=\"async\" src=\"https:\/\/www.mattiaqua.de\/wp-content\/uploads\/T_Themen_Kinderplantsch_350x_3.jpg\" alt=\"\" class=\"img-fluid\">\r\n  <\/figure>\r\n  <div class=\"card-body\">\r\n    <h5 class=\"card-title\">paddling pool<\/h5>\r\n    <p class=\"card-text\">In the new spacious and attractive paddling area the little ones are very well catered for and will enjoy safe fun in the water.<\/p>\r\n  <\/div>\r\n  <\/a>\r\n<\/div><\/div>\n\n\n\n<div class=\"wp-block-column is-layout-flow wp-block-column-is-layout-flow\"><div class=\"lazyblock-teaserbox-NAKIH wp-block-lazyblock-teaserbox\">  <a href=\"https:\/\/www.mattiaqua.de\/en\/pools\/kallebad\/directions\/\" class=\"card\" id=\"teaserbox-NAKIH\">\r\n  <figure class=\"card-img-top\">\r\n    <img decoding=\"async\" src=\"https:\/\/www.mattiaqua.de\/wp-content\/uploads\/T_Themen_Spielplatz_350x_3.jpg\" alt=\"\" class=\"img-fluid\">\r\n  <\/figure>\r\n  <div class=\"card-body\">\r\n    <h5 class=\"card-title\">We are so easy to find<\/h5>\r\n    <p class=\"card-text\">It is best to use the bus: Either take lines 15 and 39 to the stop W\u00f6rther-See-Stra\u00dfe or line 5 to the stop Kallebad (Saarstra\u00dfe).<\/p>\r\n  <\/div>\r\n  <\/a>\r\n<\/div><\/div>\n\n\n\n<div class=\"wp-block-column is-layout-flow wp-block-column-is-layout-flow\"><div class=\"lazyblock-teaserbox-1Klovx d-none wp-block-lazyblock-teaserbox\">  <a href=\"https:\/\/www.mattiaqua.de\/en\/pools\/kallebad\/offers-and-courses\/\" class=\"card\" id=\"teaserbox-1Klovx\">\r\n  <figure class=\"card-img-top\">\r\n    <img decoding=\"async\" src=\"https:\/\/www.mattiaqua.de\/wp-content\/uploads\/T_Themen_Schwimmabzeichen_350x_3.jpg\" alt=\"\" class=\"img-fluid\">\r\n  <\/figure>\r\n  <div class=\"card-body\">\r\n    <h5 class=\"card-title\">Swimming badge<\/h5>\r\n    <p class=\"card-text\">Every Thursday in the vacations from 10 am &#8211; 2 pm the DLRG, the German Life-Saving Society, offers to pass the test for the swimming badges.<\/p>\r\n  <\/div>\r\n  <\/a>\r\n<\/div><\/div>\n\n\n\n<div class=\"wp-block-column is-layout-flow wp-block-column-is-layout-flow\"><div class=\"lazyblock-teaserbox-Zwhr4B d-none wp-block-lazyblock-teaserbox\">  <a href=\"https:\/\/www.mattiaqua.de\/en\/pools\/kallebad\/offers-and-courses\/\" class=\"card\" id=\"teaserbox-Zwhr4B\">\r\n  <figure class=\"card-img-top\">\r\n    <img decoding=\"async\" src=\"https:\/\/www.mattiaqua.de\/wp-content\/uploads\/T_Themen_Flossen_350x_3.jpg\" alt=\"\" class=\"img-fluid\">\r\n  <\/figure>\r\n  <div class=\"card-body\">\r\n    <h5 class=\"card-title\">Finswimming<\/h5>\r\n    <p class=\"card-text\">Every Friday during the vacations, finswimming is offered in the swimmer&#8217;s pool from 6 pm.<\/p>\r\n  <\/div>\r\n  <\/a>\r\n<\/div><\/div>\n<\/div>\n\n\n    <\/div>\n  <\/div>\n<\/div><\/div>\n\n\n<div class=\"wp-block-group bg-blue pb-5\"><div class=\"wp-block-group__inner-container is-layout-flow wp-block-group-is-layout-flow\"><div class=\"lazyblock-nncontainer-Z5B5Uf wp-block-lazyblock-nncontainer\"><div class=\"container pt-4 pb-2 pt-lg-5 pb-lg-4\" id=\"Z5B5Uf\">\n  <div class=\"row\">\n    <div class=\"col\">\n      \n\n<h2 class=\"wp-block-heading has-text-align-center\">Not for you?<br>Check out our other pools!<\/h2>\n\n\n\n<div class=\"wp-block-columns four-columns mb-md-4 mb-lg-5 is-layout-flex wp-container-core-columns-is-layout-9d6595d7 wp-block-columns-is-layout-flex\">\n<div class=\"wp-block-column is-layout-flow wp-block-column-is-layout-flow\"><div class=\"lazyblock-teaserbox-weitere-inhalte-Z1l9IBq wp-block-lazyblock-teaserbox-weitere-inhalte\"><a href=\"https:\/\/www.mattiaqua.de\/en\/pools\/kleinfeldchen\/\" class=\"card teasercontent\" id=\"teasercontent-Z1l9IBq\">\r\n  <figure class=\"card-img-top\">\r\n    <img decoding=\"async\" src=\"https:\/\/www.mattiaqua.de\/wp-content\/uploads\/B_Themen_Kleinfeldchen_350x.jpg\" alt=\"\" class=\"img-fluid\">\r\n  <\/figure>\r\n  <div class=\"card-body\">\r\n    <h5 class=\"card-title\">Frei- &amp; Hallenbad Kleinfeldchen<\/h5>\r\n  <\/div>\r\n<\/a><\/div><\/div>\n\n\n\n<div class=\"wp-block-column is-layout-flow wp-block-column-is-layout-flow\"><div class=\"lazyblock-teaserbox-weitere-inhalte-1abby9 wp-block-lazyblock-teaserbox-weitere-inhalte\"><a href=\"https:\/\/www.mattiaqua.de\/en\/pools\/maaraue\/\" class=\"card teasercontent\" id=\"teasercontent-1abby9\">\r\n  <figure class=\"card-img-top\">\r\n    <img decoding=\"async\" src=\"https:\/\/www.mattiaqua.de\/wp-content\/uploads\/B_Themen_Maaraue_350x.jpg\" alt=\"\" class=\"img-fluid\">\r\n  <\/figure>\r\n  <div class=\"card-body\">\r\n    <h5 class=\"card-title\">Freibad Maaraue<\/h5>\r\n  <\/div>\r\n<\/a><\/div><\/div>\n\n\n\n<div class=\"wp-block-column is-layout-flow wp-block-column-is-layout-flow\"><div class=\"lazyblock-teaserbox-weitere-inhalte-Z287feP wp-block-lazyblock-teaserbox-weitere-inhalte\"><a href=\"https:\/\/www.mattiaqua.de\/en\/pools\/opelbad\/\" class=\"card teasercontent\" id=\"teasercontent-Z287feP\">\r\n  <figure class=\"card-img-top\">\r\n    <img decoding=\"async\" src=\"https:\/\/www.mattiaqua.de\/wp-content\/uploads\/B_Themen_Opelbad_350x.jpg\" alt=\"\" class=\"img-fluid\">\r\n  <\/figure>\r\n  <div class=\"card-body\">\r\n    <h5 class=\"card-title\">Freibad Opelbad<\/h5>\r\n  <\/div>\r\n<\/a><\/div><\/div>\n\n\n\n<div class=\"wp-block-column is-layout-flow wp-block-column-is-layout-flow\"><div class=\"lazyblock-teaserbox-weitere-inhalte-CFT6R wp-block-lazyblock-teaserbox-weitere-inhalte\"><a href=\"https:\/\/www.mattiaqua.de\/en\/pools\/mainzer-strasse\/\" class=\"card teasercontent\" id=\"teasercontent-CFT6R\">\r\n  <figure class=\"card-img-top\">\r\n    <img decoding=\"async\" src=\"https:\/\/www.mattiaqua.de\/wp-content\/uploads\/B_Themen_Mainzer_Strasse_350x.jpg\" alt=\"\" class=\"img-fluid\">\r\n  <\/figure>\r\n  <div class=\"card-body\">\r\n    <h5 class=\"card-title\">Freizeitbad Mainzer Stra\u00dfe<\/h5>\r\n  <\/div>\r\n<\/a><\/div><\/div>\n<\/div>\n\n\n\n\n    <\/div>\n  <\/div>\n<\/div><\/div><\/div><\/div>\n","protected":false},"excerpt":{"rendered":"","protected":false},"author":1,"featured_media":0,"parent":5126,"menu_order":0,"comment_status":"closed","ping_status":"closed","template":"","meta":{"_acf_changed":false,"inline_featured_image":false,"pgc_sgb_lightbox_settings":"","footnotes":""},"class_list":["post-5116","page","type-page","status-publish","hentry"],"acf":[],"yoast_head":"<!-- This site is optimized with the Yoast SEO plugin v27.5 - https:\/\/yoast.com\/product\/yoast-seo-wordpress\/ -->\n<title>Kallebad &#8211; mattiaqua<\/title>\n<meta name=\"robots\" content=\"index, follow, max-snippet:-1, max-image-preview:large, max-video-preview:-1\" \/>\n<link rel=\"canonical\" href=\"https:\/\/www.mattiaqua.de\/en\/pools\/kallebad\/\" \/>\n<meta property=\"og:locale\" content=\"en_US\" \/>\n<meta property=\"og:type\" content=\"article\" \/>\n<meta property=\"og:title\" content=\"Kallebad &#8211; mattiaqua\" \/>\n<meta property=\"og:url\" content=\"https:\/\/www.mattiaqua.de\/en\/pools\/kallebad\/\" \/>\n<meta property=\"og:site_name\" content=\"mattiaqua\" \/>\n<meta property=\"article:modified_time\" content=\"2026-04-24T09:50:35+00:00\" \/>\n<meta property=\"og:image\" content=\"https:\/\/www.mattiaqua.de\/wp-content\/uploads\/B_Headerbilder_Kallebad.jpg\" \/>\n\t<meta property=\"og:image:width\" content=\"1920\" \/>\n\t<meta property=\"og:image:height\" content=\"600\" \/>\n\t<meta property=\"og:image:type\" content=\"image\/jpeg\" \/>\n<meta name=\"twitter:card\" content=\"summary_large_image\" \/>\n<meta name=\"twitter:label1\" content=\"Est. reading time\" \/>\n\t<meta name=\"twitter:data1\" content=\"8 minutes\" \/>\n<script type=\"application\/ld+json\" class=\"yoast-schema-graph\">{\"@context\":\"https:\\\/\\\/schema.org\",\"@graph\":[{\"@type\":\"WebPage\",\"@id\":\"https:\\\/\\\/www.mattiaqua.de\\\/en\\\/pools\\\/kallebad\\\/\",\"url\":\"https:\\\/\\\/www.mattiaqua.de\\\/en\\\/pools\\\/kallebad\\\/\",\"name\":\"Kallebad &#8211; mattiaqua\",\"isPartOf\":{\"@id\":\"https:\\\/\\\/www.mattiaqua.de\\\/en\\\/#website\"},\"primaryImageOfPage\":{\"@id\":\"https:\\\/\\\/www.mattiaqua.de\\\/en\\\/pools\\\/kallebad\\\/#primaryimage\"},\"image\":{\"@id\":\"https:\\\/\\\/www.mattiaqua.de\\\/en\\\/pools\\\/kallebad\\\/#primaryimage\"},\"thumbnailUrl\":\"https:\\\/\\\/www.mattiaqua.de\\\/wp-content\\\/uploads\\\/B_Headerbilder_Kallebad.jpg\",\"datePublished\":\"2020-11-26T13:06:09+00:00\",\"dateModified\":\"2026-04-24T09:50:35+00:00\",\"breadcrumb\":{\"@id\":\"https:\\\/\\\/www.mattiaqua.de\\\/en\\\/pools\\\/kallebad\\\/#breadcrumb\"},\"inLanguage\":\"en-US\",\"potentialAction\":[{\"@type\":\"ReadAction\",\"target\":[\"https:\\\/\\\/www.mattiaqua.de\\\/en\\\/pools\\\/kallebad\\\/\"]}]},{\"@type\":\"ImageObject\",\"inLanguage\":\"en-US\",\"@id\":\"https:\\\/\\\/www.mattiaqua.de\\\/en\\\/pools\\\/kallebad\\\/#primaryimage\",\"url\":\"https:\\\/\\\/www.mattiaqua.de\\\/wp-content\\\/uploads\\\/B_Headerbilder_Kallebad.jpg\",\"contentUrl\":\"https:\\\/\\\/www.mattiaqua.de\\\/wp-content\\\/uploads\\\/B_Headerbilder_Kallebad.jpg\"},{\"@type\":\"BreadcrumbList\",\"@id\":\"https:\\\/\\\/www.mattiaqua.de\\\/en\\\/pools\\\/kallebad\\\/#breadcrumb\",\"itemListElement\":[{\"@type\":\"ListItem\",\"position\":1,\"name\":\"Startseite\",\"item\":\"https:\\\/\\\/www.mattiaqua.de\\\/en\\\/\"},{\"@type\":\"ListItem\",\"position\":2,\"name\":\"Pools\",\"item\":\"https:\\\/\\\/www.mattiaqua.de\\\/en\\\/pools\\\/\"},{\"@type\":\"ListItem\",\"position\":3,\"name\":\"Kallebad\"}]},{\"@type\":\"WebSite\",\"@id\":\"https:\\\/\\\/www.mattiaqua.de\\\/en\\\/#website\",\"url\":\"https:\\\/\\\/www.mattiaqua.de\\\/en\\\/\",\"name\":\"mattiaqua\",\"description\":\"Eigenbetrieb der Landeshauptstadt Wiesbaden f\u00fcr Quellen, B\u00e4der, Freizeit\",\"publisher\":{\"@id\":\"https:\\\/\\\/www.mattiaqua.de\\\/en\\\/#organization\"},\"potentialAction\":[{\"@type\":\"SearchAction\",\"target\":{\"@type\":\"EntryPoint\",\"urlTemplate\":\"https:\\\/\\\/www.mattiaqua.de\\\/en\\\/?s={search_term_string}\"},\"query-input\":{\"@type\":\"PropertyValueSpecification\",\"valueRequired\":true,\"valueName\":\"search_term_string\"}}],\"inLanguage\":\"en-US\"},{\"@type\":\"Organization\",\"@id\":\"https:\\\/\\\/www.mattiaqua.de\\\/en\\\/#organization\",\"name\":\"mattiaqua\",\"url\":\"https:\\\/\\\/www.mattiaqua.de\\\/en\\\/\",\"logo\":{\"@type\":\"ImageObject\",\"inLanguage\":\"en-US\",\"@id\":\"https:\\\/\\\/www.mattiaqua.de\\\/en\\\/#\\\/schema\\\/logo\\\/image\\\/\",\"url\":\"https:\\\/\\\/www.mattiaqua.de\\\/wp-content\\\/uploads\\\/logo-blau.svg\",\"contentUrl\":\"https:\\\/\\\/www.mattiaqua.de\\\/wp-content\\\/uploads\\\/logo-blau.svg\",\"width\":1024,\"height\":1024,\"caption\":\"mattiaqua\"},\"image\":{\"@id\":\"https:\\\/\\\/www.mattiaqua.de\\\/en\\\/#\\\/schema\\\/logo\\\/image\\\/\"}}]}<\/script>\n<!-- \/ Yoast SEO plugin. -->","yoast_head_json":{"title":"Kallebad &#8211; mattiaqua","robots":{"index":"index","follow":"follow","max-snippet":"max-snippet:-1","max-image-preview":"max-image-preview:large","max-video-preview":"max-video-preview:-1"},"canonical":"https:\/\/www.mattiaqua.de\/en\/pools\/kallebad\/","og_locale":"en_US","og_type":"article","og_title":"Kallebad &#8211; mattiaqua","og_url":"https:\/\/www.mattiaqua.de\/en\/pools\/kallebad\/","og_site_name":"mattiaqua","article_modified_time":"2026-04-24T09:50:35+00:00","og_image":[{"width":1920,"height":600,"url":"https:\/\/www.mattiaqua.de\/wp-content\/uploads\/B_Headerbilder_Kallebad.jpg","type":"image\/jpeg"}],"twitter_card":"summary_large_image","twitter_misc":{"Est. reading time":"8 minutes"},"schema":{"@context":"https:\/\/schema.org","@graph":[{"@type":"WebPage","@id":"https:\/\/www.mattiaqua.de\/en\/pools\/kallebad\/","url":"https:\/\/www.mattiaqua.de\/en\/pools\/kallebad\/","name":"Kallebad &#8211; mattiaqua","isPartOf":{"@id":"https:\/\/www.mattiaqua.de\/en\/#website"},"primaryImageOfPage":{"@id":"https:\/\/www.mattiaqua.de\/en\/pools\/kallebad\/#primaryimage"},"image":{"@id":"https:\/\/www.mattiaqua.de\/en\/pools\/kallebad\/#primaryimage"},"thumbnailUrl":"https:\/\/www.mattiaqua.de\/wp-content\/uploads\/B_Headerbilder_Kallebad.jpg","datePublished":"2020-11-26T13:06:09+00:00","dateModified":"2026-04-24T09:50:35+00:00","breadcrumb":{"@id":"https:\/\/www.mattiaqua.de\/en\/pools\/kallebad\/#breadcrumb"},"inLanguage":"en-US","potentialAction":[{"@type":"ReadAction","target":["https:\/\/www.mattiaqua.de\/en\/pools\/kallebad\/"]}]},{"@type":"ImageObject","inLanguage":"en-US","@id":"https:\/\/www.mattiaqua.de\/en\/pools\/kallebad\/#primaryimage","url":"https:\/\/www.mattiaqua.de\/wp-content\/uploads\/B_Headerbilder_Kallebad.jpg","contentUrl":"https:\/\/www.mattiaqua.de\/wp-content\/uploads\/B_Headerbilder_Kallebad.jpg"},{"@type":"BreadcrumbList","@id":"https:\/\/www.mattiaqua.de\/en\/pools\/kallebad\/#breadcrumb","itemListElement":[{"@type":"ListItem","position":1,"name":"Startseite","item":"https:\/\/www.mattiaqua.de\/en\/"},{"@type":"ListItem","position":2,"name":"Pools","item":"https:\/\/www.mattiaqua.de\/en\/pools\/"},{"@type":"ListItem","position":3,"name":"Kallebad"}]},{"@type":"WebSite","@id":"https:\/\/www.mattiaqua.de\/en\/#website","url":"https:\/\/www.mattiaqua.de\/en\/","name":"mattiaqua","description":"Eigenbetrieb der Landeshauptstadt Wiesbaden f\u00fcr Quellen, B\u00e4der, Freizeit","publisher":{"@id":"https:\/\/www.mattiaqua.de\/en\/#organization"},"potentialAction":[{"@type":"SearchAction","target":{"@type":"EntryPoint","urlTemplate":"https:\/\/www.mattiaqua.de\/en\/?s={search_term_string}"},"query-input":{"@type":"PropertyValueSpecification","valueRequired":true,"valueName":"search_term_string"}}],"inLanguage":"en-US"},{"@type":"Organization","@id":"https:\/\/www.mattiaqua.de\/en\/#organization","name":"mattiaqua","url":"https:\/\/www.mattiaqua.de\/en\/","logo":{"@type":"ImageObject","inLanguage":"en-US","@id":"https:\/\/www.mattiaqua.de\/en\/#\/schema\/logo\/image\/","url":"https:\/\/www.mattiaqua.de\/wp-content\/uploads\/logo-blau.svg","contentUrl":"https:\/\/www.mattiaqua.de\/wp-content\/uploads\/logo-blau.svg","width":1024,"height":1024,"caption":"mattiaqua"},"image":{"@id":"https:\/\/www.mattiaqua.de\/en\/#\/schema\/logo\/image\/"}}]}},"publishpress_future_action":{"enabled":false,"date":"2026-05-13 12:06:15","action":"change-status","newStatus":"draft","terms":[],"taxonomy":"translation_priority","extraData":[]},"publishpress_future_workflow_manual_trigger":{"enabledWorkflows":[]},"_links":{"self":[{"href":"https:\/\/www.mattiaqua.de\/en\/wp-json\/wp\/v2\/pages\/5116","targetHints":{"allow":["GET"]}}],"collection":[{"href":"https:\/\/www.mattiaqua.de\/en\/wp-json\/wp\/v2\/pages"}],"about":[{"href":"https:\/\/www.mattiaqua.de\/en\/wp-json\/wp\/v2\/types\/page"}],"author":[{"embeddable":true,"href":"https:\/\/www.mattiaqua.de\/en\/wp-json\/wp\/v2\/users\/1"}],"replies":[{"embeddable":true,"href":"https:\/\/www.mattiaqua.de\/en\/wp-json\/wp\/v2\/comments?post=5116"}],"version-history":[{"count":98,"href":"https:\/\/www.mattiaqua.de\/en\/wp-json\/wp\/v2\/pages\/5116\/revisions"}],"predecessor-version":[{"id":20570,"href":"https:\/\/www.mattiaqua.de\/en\/wp-json\/wp\/v2\/pages\/5116\/revisions\/20570"}],"up":[{"embeddable":true,"href":"https:\/\/www.mattiaqua.de\/en\/wp-json\/wp\/v2\/pages\/5126"}],"wp:attachment":[{"href":"https:\/\/www.mattiaqua.de\/en\/wp-json\/wp\/v2\/media?parent=5116"}],"curies":[{"name":"wp","href":"https:\/\/api.w.org\/{rel}","templated":true}]}}