{"id":5140,"date":"2020-11-26T14:06:40","date_gmt":"2020-11-26T13:06:40","guid":{"rendered":"https:\/\/www.mattiaqua.de\/kaiser-friedrich-thermal-spring\/sauna-kaiser-friedrich-thermal-spring\/"},"modified":"2026-04-24T11:42:44","modified_gmt":"2026-04-24T09:42:44","slug":"sauna","status":"publish","type":"page","link":"https:\/\/www.mattiaqua.de\/en\/thermal-springs\/kaiser-friedrich-therme\/sauna\/","title":{"rendered":"Sauna"},"content":{"rendered":"\n<div class=\"wp-block-cover has-background-dim has-background-gradient\" style=\"min-height:350px;aspect-ratio:unset;\"><img loading=\"lazy\" decoding=\"async\" width=\"1920\" height=\"600\" sizes=\"auto, (max-width: 1920px) 100vw, 1920px\" class=\"wp-block-cover__image-background wp-image-537\" alt=\"\" src=\"https:\/\/www.mattiaqua.de\/wp-content\/uploads\/S_Headerbilder_Kaiser_Friedrich-1.jpg\" data-object-fit=\"cover\" srcset=\"https:\/\/www.mattiaqua.de\/wp-content\/uploads\/S_Headerbilder_Kaiser_Friedrich-1.jpg 1920w, https:\/\/www.mattiaqua.de\/wp-content\/uploads\/S_Headerbilder_Kaiser_Friedrich-1-500x156.jpg 500w, https:\/\/www.mattiaqua.de\/wp-content\/uploads\/S_Headerbilder_Kaiser_Friedrich-1-1024x320.jpg 1024w, https:\/\/www.mattiaqua.de\/wp-content\/uploads\/S_Headerbilder_Kaiser_Friedrich-1-768x240.jpg 768w, https:\/\/www.mattiaqua.de\/wp-content\/uploads\/S_Headerbilder_Kaiser_Friedrich-1-1536x480.jpg 1536w, https:\/\/www.mattiaqua.de\/wp-content\/uploads\/S_Headerbilder_Kaiser_Friedrich-1-380x119.jpg 380w, https:\/\/www.mattiaqua.de\/wp-content\/uploads\/S_Headerbilder_Kaiser_Friedrich-1-320x100.jpg 320w, https:\/\/www.mattiaqua.de\/wp-content\/uploads\/S_Headerbilder_Kaiser_Friedrich-1-244x76.jpg 244w\" \/><span aria-hidden=\"true\" class=\"wp-block-cover__background has-background-dim wp-block-cover__gradient-background has-background-gradient\" style=\"background:linear-gradient(180deg,rgb(18,62,102) 31%,rgba(82,174,255,0) 100%)\"><\/span><div class=\"wp-block-cover__inner-container is-layout-flow wp-block-cover-is-layout-flow\">\n<h1 class=\"wp-block-heading\" id=\"kaiser-friedrich-therme\">Kaiser-Friedrich-Therme<\/h1>\n<\/div><\/div>\n\n\n<div class=\"lazyblock-baeder-tabs-1YdjIO wp-block-lazyblock-baeder-tabs\">\n<div class=\"tabs-baeder\" id=\"baedertabs-69fafd73a2e30\">\n    <ul class=\"nav nav-tabs nav-fill\" role=\"tablist\">\n        <li class=\"nav-item\" role=\"presentation\">\n            <button class=\"nav-link active\" id=\"zeiten-tab-69fafd73a2e30\" data-bs-toggle=\"tab\" data-bs-target=\"#zeiten-69fafd73a2e30\" type=\"button\" role=\"tab\" aria-controls=\"zeiten-69fafd73a2e30\" aria-selected=\"true\">\n                <i class=\"fas fa-clock me-md-2\"><\/i><span class=\"small d-none d-md-inline\">Opening Hours<\/span>\n            <\/button>\n        <\/li>\n        <li class=\"nav-item\" role=\"presentation\">\n            <button class=\"nav-link\" id=\"kontakt-tab-69fafd73a2e30\" data-bs-toggle=\"tab\" data-bs-target=\"#kontakt-69fafd73a2e30\" type=\"button\" role=\"tab\" aria-controls=\"kontakt-69fafd73a2e30\" aria-selected=\"false\">\n                <i class=\"fas fa-phone me-md-2\"><\/i><span class=\"small d-none d-md-inline\">Contact<\/span>\n            <\/button>\n        <\/li>\n                <li class=\"nav-item\" role=\"presentation\">\n            <button class=\"nav-link\" id=\"buchung-tab-69fafd73a2e30\" data-bs-toggle=\"tab\" data-bs-target=\"#buchung-69fafd73a2e30\" type=\"button\" role=\"tab\" aria-controls=\"buchung-69fafd73a2e30\" aria-selected=\"false\">\n                <i class=\"fas fa-calendar-alt me-md-2\"><\/i><span class=\"small d-none d-md-inline\">Booking<\/span>\n            <\/button>\n        <\/li>\n                <li class=\"nav-item\" role=\"presentation\">\n            <button class=\"nav-link\" id=\"anfahrt-tab-69fafd73a2e30\" data-bs-toggle=\"tab\" data-bs-target=\"#anfahrt-69fafd73a2e30\" type=\"button\" role=\"tab\" aria-controls=\"anfahrt-69fafd73a2e30\" aria-selected=\"false\">\n                <i class=\"fas fa-map-marked-alt me-md-2\"><\/i><span class=\"small d-none d-md-inline\">Directions<\/span>\n            <\/button>\n        <\/li>\n        <li class=\"nav-item\" role=\"presentation\">\n            <button class=\"nav-link\" id=\"hinweise-tab-69fafd73a2e30\" data-bs-toggle=\"tab\" data-bs-target=\"#hinweise-69fafd73a2e30\" type=\"button\" role=\"tab\" aria-controls=\"hinweise-69fafd73a2e30\" aria-selected=\"false\">\n                <i class=\"fas fa-exclamation-triangle me-md-2\"><\/i><span class=\"small d-none d-md-inline\">Notices<\/span>\n                                    <span class=\"badge rounded-pill bg-danger ms-1\">1<\/span>\n                            <\/button>\n        <\/li>\n    <\/ul>\n\n    <div class=\"tab-content\">\n        <!-- Zeiten -->\n        <div class=\"tab-pane fade show active\" id=\"zeiten-69fafd73a2e30\" role=\"tabpanel\">\n                            <p>Monday to Sunday 10 am \u2013 10 pm.<br \/>\nTuesdays are women\u2019s day.<br \/>\nAdmission is allowed only from the age of 16.<\/p>\n<p>The ticket office closes one hour and the sauna closes 30 minutes before the end of opening hours.<\/p>\n                    <\/div>\n\n        <!-- Kontakt -->\n        <div class=\"tab-pane fade\" id=\"kontakt-69fafd73a2e30\" role=\"tabpanel\">\n                            Email: <a href=\"mailto:kft@wiesbaden.de\">kft@wiesbaden.de<\/a><br>\n                                        Phone: <a href=\"tel:0611317060\">0611 31-7060<\/a>\n                    <\/div>\n\n        <!-- Buchung -->\n                <div class=\"tab-pane fade text-center py-4\" id=\"buchung-69fafd73a2e30\" role=\"tabpanel\">\n                            <a href=\"https:\/\/shop.mattiaqua.de\/category\/24\" class=\"btn btn-primary px-4\" target=\"_blank\" rel=\"noopener\">\n                    Book now                <\/a>\n                    <\/div>\n        \n        <!-- Anfahrt -->\n        <div class=\"tab-pane fade\" id=\"anfahrt-69fafd73a2e30\" role=\"tabpanel\">\n            <div class=\"row\">\n                <div class=\"col-md-5 mb-4 mb-md-0\">\n                    <strong>Kaiser-Friedrich-Therme<\/strong><br>\n                                            Langgasse 38 \u2013 40<br \/>\r\n65183 Wiesbaden                                                            <p class=\"mt-1 mb-0\">\n                        <a href=\"https:\/\/goo.gl\/maps\/EtngRHHkgT6SqFwYA\" target=\"_blank\" rel=\"noopener noreferrer\">\n                            <i class=\"fas fa-map-marker-alt\"><\/i> Google Maps\n                        <\/a>\n                    <\/p>\n                                    <\/div>\n                <div class=\"col-md-7\">\n                                        <p class=\"mb-2\">\n                        <b>Public transport:<\/b><br>\n                        Bus lines 1 &amp; 8 to Webergasse.                    <\/p>\n                                                            <a href=\"https:\/\/www.rmv.de\/auskunft\/bin\/jp\/query.exe\/dn?L=vs_rmv&#038;S=&#038;Z=Wiesbaden+Webergasse&#038;timesel=depart\" target=\"_blank\" rel=\"noopener\" class=\"btn btn-primary\">\n                        Find connection                    <\/a>\n                                    <\/div>\n            <\/div>\n        <\/div>\n\n        <!-- Hinweise -->\n        <div class=\"tab-pane fade\" id=\"hinweise-69fafd73a2e30\" role=\"tabpanel\">\n                                                <a href=\"#\" class=\"tab-hinweis-link d-flex justify-content-between align-items-center\" data-bs-toggle=\"modal\" data-bs-target=\"#hinweis-modal-20140-69fafd73a2e30\">\n                        <div>\n                            <h6>\n                                                                    <i class=\"fas fa-exclamation-triangle text-danger me-1\"><\/i>\n                                                                Frigidarium closed until further notice                            <\/h6>\n                            <p class=\"mb-0\">Due to damage to the door, the Frigidarium is currently out of service and will remain closed until [&hellip;]<\/p>\n                        <\/div>\n                        <span class=\"ms-3 text-nowrap\"><i class=\"fas fa-chevron-right\"><\/i><\/span>\n                    <\/a>\n                                    <\/div>\n    <\/div>\n<\/div>\n\n<div class=\"modal fade\" id=\"hinweis-modal-20140-69fafd73a2e30\" tabindex=\"-1\" aria-labelledby=\"hinweis-modal-20140-69fafd73a2e30-label\" aria-hidden=\"true\">\n    <div class=\"modal-dialog modal-dialog-centered modal-lg\">\n        <div class=\"modal-content\">\n            <div class=\"modal-header\">\n                <h5 class=\"modal-title mb-0\" id=\"hinweis-modal-20140-69fafd73a2e30-label\">Frigidarium closed until further notice<\/h5>\n                <button type=\"button\" class=\"btn-close\" data-bs-dismiss=\"modal\" aria-label=\"Close\"><\/button>\n            <\/div>\n            <div class=\"modal-body\">\n                \n<p>Due to damage to the door, the Frigidarium is currently out of service and will remain closed until further notice.<\/p>\n            <\/div>\n        <\/div>\n    <\/div>\n<\/div>\n<\/div>\n\n<div class=\"lazyblock-nncontainer-1s0SAu wp-block-lazyblock-nncontainer\"><div class=\"container pt-4 pb-2 pt-lg-5 pb-lg-4\" id=\"1s0SAu\">\n  <div class=\"row\">\n    <div class=\"col\">\n      \n\n\n\n\n\n\n\n\n\t<ul class=\"blog-loop\">\n\t\t\t<\/ul>\n\t\t\n\n\n    <\/div>\n  <\/div>\n<\/div><\/div>\n\n\n<div class=\"wp-block-group bg-blue wave-bottom pt-2 pb-4\"><div class=\"wp-block-group__inner-container is-layout-flow wp-block-group-is-layout-flow\"><div class=\"lazyblock-nncontainer-2nkl5f wp-block-lazyblock-nncontainer\"><div class=\"container pt-4 pb-2 pt-lg-5 pb-lg-4\" id=\"2nkl5f\">\n  <div class=\"row\">\n    <div class=\"col\">\n      \n\n<h2 class=\"wp-block-heading has-text-align-center\" id=\"a-wonderful-place-where-things-can-get-hot\">A wonderful place where things can get hot\u2026<\/h2>\n\n\n\n<p>The sauna area of the Kaiser-Friedrich-Therme offers no less than 1,450 square metres of total space and fascinates every one of our guests with its classic charm.<\/p>\n\n\n\n\n    <\/div>\n  <\/div>\n<\/div><\/div><\/div><\/div>\n\n\n<div class=\"lazyblock-nncontainer-Z1WmheU wp-block-lazyblock-nncontainer\"><div class=\"container pt-4 pb-2 pt-lg-5 pb-lg-4\" id=\"Z1WmheU\">\n  <div class=\"row\">\n    <div class=\"col\">\n      \n\n<h2 class=\"wp-block-heading has-text-align-center maxw-md mx-auto\" id=\"sauna-culture-in-a-true-bathing-residence\">Sauna culture in a true bathing residence\u2026<\/h2>\n\n\n\n<div class=\"wp-block-columns four-columns is-layout-flex wp-container-core-columns-is-layout-9d6595d7 wp-block-columns-is-layout-flex\">\n<div class=\"wp-block-column is-layout-flow wp-block-column-is-layout-flow\"><div class=\"lazyblock-teaserbox-2d2c0k wp-block-lazyblock-teaserbox\">  <a href=\"https:\/\/www.mattiaqua.de\/en\/thermal-springs\/kaiser-friedrich-therme\/facilities\/\" class=\"card\" id=\"teaserbox-2d2c0k\">\r\n  <figure class=\"card-img-top\">\r\n    <img decoding=\"async\" src=\"https:\/\/www.mattiaqua.de\/wp-content\/uploads\/T_Themen_Sudatorium_350x_3.jpg\" alt=\"\" class=\"img-fluid\">\r\n  <\/figure>\r\n  <div class=\"card-body\">\r\n    <h5 class=\"card-title\">Tepidarium<\/h5>\r\n    <p class=\"card-text\">Here the sauna guest starts his Irish-Roman bath in dry warm air with temperatures between 40\u00b0 C and 45\u00b0 C.<\/p>\r\n  <\/div>\r\n  <\/a>\r\n<\/div><\/div>\n\n\n\n<div class=\"wp-block-column is-layout-flow wp-block-column-is-layout-flow\"><div class=\"lazyblock-teaserbox-Z1xCXyb wp-block-lazyblock-teaserbox\">  <a href=\"https:\/\/www.mattiaqua.de\/en\/thermal-springs\/kaiser-friedrich-therme\/facilities\/\" class=\"card\" id=\"teaserbox-Z1xCXyb\">\r\n  <figure class=\"card-img-top\">\r\n    <img decoding=\"async\" src=\"https:\/\/www.mattiaqua.de\/wp-content\/uploads\/T_Themen_Saunaeimer_350x_3.jpg\" alt=\"Saunaeimer in der Sauna\" class=\"img-fluid\">\r\n  <\/figure>\r\n  <div class=\"card-body\">\r\n    <h5 class=\"card-title\">Finnish sauna<\/h5>\r\n    <p class=\"card-text\">Infusion sauna with an air temperature of 85\u00b0 C to 90\u00b0 C and 25% humidity. Infusion every full hour.<\/p>\r\n  <\/div>\r\n  <\/a>\r\n<\/div><\/div>\n\n\n\n<div class=\"wp-block-column is-layout-flow wp-block-column-is-layout-flow\"><div class=\"lazyblock-teaserbox-1NMyXf wp-block-lazyblock-teaserbox\">  <a href=\"https:\/\/www.mattiaqua.de\/en\/thermal-springs\/kaiser-friedrich-therme\/facilities\/\" class=\"card\" id=\"teaserbox-1NMyXf\">\r\n  <figure class=\"card-img-top\">\r\n    <img decoding=\"async\" src=\"https:\/\/www.mattiaqua.de\/wp-content\/uploads\/T_Themen_Tropischereisregen_350x_3.jpg\" alt=\"\" class=\"img-fluid\">\r\n  <\/figure>\r\n  <div class=\"card-body\">\r\n    <h5 class=\"card-title\">Tropical ice rain<\/h5>\r\n    <p class=\"card-text\">For sparkling refreshment, nozzles at shoulder height and in the knee area eject a rain of ice, ice crystals mixed with water.<\/p>\r\n  <\/div>\r\n  <\/a>\r\n<\/div><\/div>\n\n\n\n<div class=\"wp-block-column is-layout-flow wp-block-column-is-layout-flow\"><div class=\"lazyblock-teaserbox-252lDX wp-block-lazyblock-teaserbox\">  <a href=\"https:\/\/www.mattiaqua.de\/en\/thermal-springs\/kaiser-friedrich-therme\/facilities\/\" class=\"card\" id=\"teaserbox-252lDX\">\r\n  <figure class=\"card-img-top\">\r\n    <img decoding=\"async\" src=\"https:\/\/www.mattiaqua.de\/wp-content\/uploads\/T_Themen_Aethrisch_Oele_350x_3.jpg\" alt=\"Fl\u00e4schchen mit \u00e4therischem \u00d6l und Kerze im Hintergrund\" class=\"img-fluid\">\r\n  <\/figure>\r\n  <div class=\"card-body\">\r\n    <h5 class=\"card-title\">Sanarium<\/h5>\r\n    <p class=\"card-text\">Special sauna pleasure with the aromas of essential oils and a stimulating play of colored light and an air temperature of 55\u00b0 C to 60\u00b0 C.<\/p>\r\n  <\/div>\r\n  <\/a>\r\n<\/div>\n\n\n<p><\/p>\n<\/div>\n<\/div>\n\n\n\n<div class=\"wp-block-buttons is-layout-flex wp-block-buttons-is-layout-flex\">\n<div class=\"wp-block-button\"><a class=\"wp-block-button__link wp-element-button\" href=\"https:\/\/www.mattiaqua.de\/en\/thermal-springs\/kaiser-friedrich-therme\/facilities\/\">And there\u2019s more\u2026<\/a><\/div>\n<\/div>\n\n\n    <\/div>\n  <\/div>\n<\/div><\/div>\n\n\n<div class=\"wp-block-group bg-blue pb-5\"><div class=\"wp-block-group__inner-container is-layout-flow wp-block-group-is-layout-flow\"><div class=\"lazyblock-nncontainer-ZgcJ0b wp-block-lazyblock-nncontainer\"><div class=\"container pt-4 pb-2 pt-lg-5 pb-lg-4\" id=\"ZgcJ0b\">\n  <div class=\"row\">\n    <div class=\"col\">\n      \n\n<h2 class=\"wp-block-heading has-text-align-center\" id=\"not-for-you-check-out-our-other-thermal-baths-and-saunas\">Not for you?<br>Check out our other thermal baths and saunas!<\/h2>\n\n\n\n<div class=\"wp-block-columns four-columns mb-4 mb-lg-5 is-layout-flex wp-container-core-columns-is-layout-9d6595d7 wp-block-columns-is-layout-flex\">\n<div class=\"wp-block-column is-layout-flow wp-block-column-is-layout-flow\"><div class=\"lazyblock-teaserbox-weitere-inhalte-1iFDHh wp-block-lazyblock-teaserbox-weitere-inhalte\"><a href=\"https:\/\/www.mattiaqua.de\/en\/thermal-springs\/thermalbad-aukammtal\/\" class=\"card teasercontent\" id=\"teasercontent-1iFDHh\">\r\n  <figure class=\"card-img-top\">\r\n    <img decoding=\"async\" src=\"https:\/\/www.mattiaqua.de\/wp-content\/uploads\/T_Themen_Aukammtal_Feuersauna_2.jpg\" alt=\"\" class=\"img-fluid\">\r\n  <\/figure>\r\n  <div class=\"card-body\">\r\n    <h5 class=\"card-title\">Thermalbad Aukammtal<\/h5>\r\n  <\/div>\r\n<\/a><\/div><\/div>\n\n\n\n<div class=\"wp-block-column is-layout-flow wp-block-column-is-layout-flow\"><div class=\"lazyblock-teaserbox-weitere-inhalte-fwxEI wp-block-lazyblock-teaserbox-weitere-inhalte\"><a href=\"https:\/\/www.mattiaqua.de\/en\/pools\/opelbad\/sauna\/\" class=\"card teasercontent\" id=\"teasercontent-fwxEI\">\r\n  <figure class=\"card-img-top\">\r\n    <img decoding=\"async\" src=\"https:\/\/www.mattiaqua.de\/wp-content\/uploads\/T_Themen_Opelbad_schwimmer_Nichtschwimmer.jpg\" alt=\"Rutsche beim Opelbad\" class=\"img-fluid\">\r\n  <\/figure>\r\n  <div class=\"card-body\">\r\n    <h5 class=\"card-title\">Opelbad<\/h5>\r\n  <\/div>\r\n<\/a><\/div><\/div>\n\n\n\n<div class=\"wp-block-column is-layout-flow wp-block-column-is-layout-flow\"><div class=\"lazyblock-teaserbox-weitere-inhalte-17poRv wp-block-lazyblock-teaserbox-weitere-inhalte\"><a href=\"https:\/\/www.mattiaqua.de\/en\/pools\/mainzer-strasse\/sauna\/\" class=\"card teasercontent\" id=\"teasercontent-17poRv\">\r\n  <figure class=\"card-img-top\">\r\n    <img decoding=\"async\" src=\"https:\/\/www.mattiaqua.de\/wp-content\/uploads\/S_Themen_Mainzer_Strasse_350x.jpg\" alt=\"\" class=\"img-fluid\">\r\n  <\/figure>\r\n  <div class=\"card-body\">\r\n    <h5 class=\"card-title\">Freizeitbad Mainzer Stra\u00dfe<\/h5>\r\n  <\/div>\r\n<\/a><\/div><\/div>\n\n\n\n<div class=\"wp-block-column is-layout-flow wp-block-column-is-layout-flow\"><\/div>\n<\/div>\n\n\n    <\/div>\n  <\/div>\n<\/div><\/div><\/div><\/div>\n","protected":false},"excerpt":{"rendered":"","protected":false},"author":1,"featured_media":0,"parent":5110,"menu_order":0,"comment_status":"closed","ping_status":"closed","template":"","meta":{"_acf_changed":false,"inline_featured_image":false,"pgc_sgb_lightbox_settings":"","footnotes":""},"class_list":["post-5140","page","type-page","status-publish","hentry"],"acf":[],"yoast_head":"<!-- This site is optimized with the Yoast SEO plugin v27.5 - https:\/\/yoast.com\/product\/yoast-seo-wordpress\/ -->\n<title>Sauna &#8211; mattiaqua<\/title>\n<meta name=\"robots\" content=\"index, follow, max-snippet:-1, max-image-preview:large, max-video-preview:-1\" \/>\n<link rel=\"canonical\" href=\"https:\/\/www.mattiaqua.de\/en\/thermal-springs\/kaiser-friedrich-therme\/sauna\/\" \/>\n<meta property=\"og:locale\" content=\"en_US\" \/>\n<meta property=\"og:type\" content=\"article\" \/>\n<meta property=\"og:title\" content=\"Sauna &#8211; mattiaqua\" \/>\n<meta property=\"og:url\" content=\"https:\/\/www.mattiaqua.de\/en\/thermal-springs\/kaiser-friedrich-therme\/sauna\/\" \/>\n<meta property=\"og:site_name\" content=\"mattiaqua\" \/>\n<meta property=\"article:modified_time\" content=\"2026-04-24T09:42:44+00:00\" \/>\n<meta property=\"og:image\" content=\"https:\/\/www.mattiaqua.de\/wp-content\/uploads\/S_Headerbilder_Kaiser_Friedrich-1.jpg\" \/>\n\t<meta property=\"og:image:width\" content=\"1920\" \/>\n\t<meta property=\"og:image:height\" content=\"600\" \/>\n\t<meta property=\"og:image:type\" content=\"image\/jpeg\" \/>\n<meta name=\"twitter:card\" content=\"summary_large_image\" \/>\n<meta name=\"twitter:label1\" content=\"Est. reading time\" \/>\n\t<meta name=\"twitter:data1\" content=\"10 minutes\" \/>\n<script type=\"application\/ld+json\" class=\"yoast-schema-graph\">{\"@context\":\"https:\\\/\\\/schema.org\",\"@graph\":[{\"@type\":\"WebPage\",\"@id\":\"https:\\\/\\\/www.mattiaqua.de\\\/en\\\/thermal-springs\\\/kaiser-friedrich-therme\\\/sauna\\\/\",\"url\":\"https:\\\/\\\/www.mattiaqua.de\\\/en\\\/thermal-springs\\\/kaiser-friedrich-therme\\\/sauna\\\/\",\"name\":\"Sauna &#8211; mattiaqua\",\"isPartOf\":{\"@id\":\"https:\\\/\\\/www.mattiaqua.de\\\/en\\\/#website\"},\"primaryImageOfPage\":{\"@id\":\"https:\\\/\\\/www.mattiaqua.de\\\/en\\\/thermal-springs\\\/kaiser-friedrich-therme\\\/sauna\\\/#primaryimage\"},\"image\":{\"@id\":\"https:\\\/\\\/www.mattiaqua.de\\\/en\\\/thermal-springs\\\/kaiser-friedrich-therme\\\/sauna\\\/#primaryimage\"},\"thumbnailUrl\":\"https:\\\/\\\/www.mattiaqua.de\\\/wp-content\\\/uploads\\\/S_Headerbilder_Kaiser_Friedrich-1.jpg\",\"datePublished\":\"2020-11-26T13:06:40+00:00\",\"dateModified\":\"2026-04-24T09:42:44+00:00\",\"breadcrumb\":{\"@id\":\"https:\\\/\\\/www.mattiaqua.de\\\/en\\\/thermal-springs\\\/kaiser-friedrich-therme\\\/sauna\\\/#breadcrumb\"},\"inLanguage\":\"en-US\",\"potentialAction\":[{\"@type\":\"ReadAction\",\"target\":[\"https:\\\/\\\/www.mattiaqua.de\\\/en\\\/thermal-springs\\\/kaiser-friedrich-therme\\\/sauna\\\/\"]}]},{\"@type\":\"ImageObject\",\"inLanguage\":\"en-US\",\"@id\":\"https:\\\/\\\/www.mattiaqua.de\\\/en\\\/thermal-springs\\\/kaiser-friedrich-therme\\\/sauna\\\/#primaryimage\",\"url\":\"https:\\\/\\\/www.mattiaqua.de\\\/wp-content\\\/uploads\\\/S_Headerbilder_Kaiser_Friedrich-1.jpg\",\"contentUrl\":\"https:\\\/\\\/www.mattiaqua.de\\\/wp-content\\\/uploads\\\/S_Headerbilder_Kaiser_Friedrich-1.jpg\"},{\"@type\":\"BreadcrumbList\",\"@id\":\"https:\\\/\\\/www.mattiaqua.de\\\/en\\\/thermal-springs\\\/kaiser-friedrich-therme\\\/sauna\\\/#breadcrumb\",\"itemListElement\":[{\"@type\":\"ListItem\",\"position\":1,\"name\":\"Startseite\",\"item\":\"https:\\\/\\\/www.mattiaqua.de\\\/en\\\/\"},{\"@type\":\"ListItem\",\"position\":2,\"name\":\"Thermal springs\",\"item\":\"https:\\\/\\\/www.mattiaqua.de\\\/en\\\/thermal-springs\\\/\"},{\"@type\":\"ListItem\",\"position\":3,\"name\":\"Kaiser-Friedrich-Therme\",\"item\":\"https:\\\/\\\/www.mattiaqua.de\\\/en\\\/thermal-springs\\\/kaiser-friedrich-therme\\\/\"},{\"@type\":\"ListItem\",\"position\":4,\"name\":\"Sauna\"}]},{\"@type\":\"WebSite\",\"@id\":\"https:\\\/\\\/www.mattiaqua.de\\\/en\\\/#website\",\"url\":\"https:\\\/\\\/www.mattiaqua.de\\\/en\\\/\",\"name\":\"mattiaqua\",\"description\":\"Eigenbetrieb der Landeshauptstadt Wiesbaden f\u00fcr Quellen, B\u00e4der, Freizeit\",\"publisher\":{\"@id\":\"https:\\\/\\\/www.mattiaqua.de\\\/en\\\/#organization\"},\"potentialAction\":[{\"@type\":\"SearchAction\",\"target\":{\"@type\":\"EntryPoint\",\"urlTemplate\":\"https:\\\/\\\/www.mattiaqua.de\\\/en\\\/?s={search_term_string}\"},\"query-input\":{\"@type\":\"PropertyValueSpecification\",\"valueRequired\":true,\"valueName\":\"search_term_string\"}}],\"inLanguage\":\"en-US\"},{\"@type\":\"Organization\",\"@id\":\"https:\\\/\\\/www.mattiaqua.de\\\/en\\\/#organization\",\"name\":\"mattiaqua\",\"url\":\"https:\\\/\\\/www.mattiaqua.de\\\/en\\\/\",\"logo\":{\"@type\":\"ImageObject\",\"inLanguage\":\"en-US\",\"@id\":\"https:\\\/\\\/www.mattiaqua.de\\\/en\\\/#\\\/schema\\\/logo\\\/image\\\/\",\"url\":\"https:\\\/\\\/www.mattiaqua.de\\\/wp-content\\\/uploads\\\/logo-blau.svg\",\"contentUrl\":\"https:\\\/\\\/www.mattiaqua.de\\\/wp-content\\\/uploads\\\/logo-blau.svg\",\"width\":1024,\"height\":1024,\"caption\":\"mattiaqua\"},\"image\":{\"@id\":\"https:\\\/\\\/www.mattiaqua.de\\\/en\\\/#\\\/schema\\\/logo\\\/image\\\/\"}}]}<\/script>\n<!-- \/ Yoast SEO plugin. -->","yoast_head_json":{"title":"Sauna &#8211; mattiaqua","robots":{"index":"index","follow":"follow","max-snippet":"max-snippet:-1","max-image-preview":"max-image-preview:large","max-video-preview":"max-video-preview:-1"},"canonical":"https:\/\/www.mattiaqua.de\/en\/thermal-springs\/kaiser-friedrich-therme\/sauna\/","og_locale":"en_US","og_type":"article","og_title":"Sauna &#8211; mattiaqua","og_url":"https:\/\/www.mattiaqua.de\/en\/thermal-springs\/kaiser-friedrich-therme\/sauna\/","og_site_name":"mattiaqua","article_modified_time":"2026-04-24T09:42:44+00:00","og_image":[{"width":1920,"height":600,"url":"https:\/\/www.mattiaqua.de\/wp-content\/uploads\/S_Headerbilder_Kaiser_Friedrich-1.jpg","type":"image\/jpeg"}],"twitter_card":"summary_large_image","twitter_misc":{"Est. reading time":"10 minutes"},"schema":{"@context":"https:\/\/schema.org","@graph":[{"@type":"WebPage","@id":"https:\/\/www.mattiaqua.de\/en\/thermal-springs\/kaiser-friedrich-therme\/sauna\/","url":"https:\/\/www.mattiaqua.de\/en\/thermal-springs\/kaiser-friedrich-therme\/sauna\/","name":"Sauna &#8211; mattiaqua","isPartOf":{"@id":"https:\/\/www.mattiaqua.de\/en\/#website"},"primaryImageOfPage":{"@id":"https:\/\/www.mattiaqua.de\/en\/thermal-springs\/kaiser-friedrich-therme\/sauna\/#primaryimage"},"image":{"@id":"https:\/\/www.mattiaqua.de\/en\/thermal-springs\/kaiser-friedrich-therme\/sauna\/#primaryimage"},"thumbnailUrl":"https:\/\/www.mattiaqua.de\/wp-content\/uploads\/S_Headerbilder_Kaiser_Friedrich-1.jpg","datePublished":"2020-11-26T13:06:40+00:00","dateModified":"2026-04-24T09:42:44+00:00","breadcrumb":{"@id":"https:\/\/www.mattiaqua.de\/en\/thermal-springs\/kaiser-friedrich-therme\/sauna\/#breadcrumb"},"inLanguage":"en-US","potentialAction":[{"@type":"ReadAction","target":["https:\/\/www.mattiaqua.de\/en\/thermal-springs\/kaiser-friedrich-therme\/sauna\/"]}]},{"@type":"ImageObject","inLanguage":"en-US","@id":"https:\/\/www.mattiaqua.de\/en\/thermal-springs\/kaiser-friedrich-therme\/sauna\/#primaryimage","url":"https:\/\/www.mattiaqua.de\/wp-content\/uploads\/S_Headerbilder_Kaiser_Friedrich-1.jpg","contentUrl":"https:\/\/www.mattiaqua.de\/wp-content\/uploads\/S_Headerbilder_Kaiser_Friedrich-1.jpg"},{"@type":"BreadcrumbList","@id":"https:\/\/www.mattiaqua.de\/en\/thermal-springs\/kaiser-friedrich-therme\/sauna\/#breadcrumb","itemListElement":[{"@type":"ListItem","position":1,"name":"Startseite","item":"https:\/\/www.mattiaqua.de\/en\/"},{"@type":"ListItem","position":2,"name":"Thermal springs","item":"https:\/\/www.mattiaqua.de\/en\/thermal-springs\/"},{"@type":"ListItem","position":3,"name":"Kaiser-Friedrich-Therme","item":"https:\/\/www.mattiaqua.de\/en\/thermal-springs\/kaiser-friedrich-therme\/"},{"@type":"ListItem","position":4,"name":"Sauna"}]},{"@type":"WebSite","@id":"https:\/\/www.mattiaqua.de\/en\/#website","url":"https:\/\/www.mattiaqua.de\/en\/","name":"mattiaqua","description":"Eigenbetrieb der Landeshauptstadt Wiesbaden f\u00fcr Quellen, B\u00e4der, Freizeit","publisher":{"@id":"https:\/\/www.mattiaqua.de\/en\/#organization"},"potentialAction":[{"@type":"SearchAction","target":{"@type":"EntryPoint","urlTemplate":"https:\/\/www.mattiaqua.de\/en\/?s={search_term_string}"},"query-input":{"@type":"PropertyValueSpecification","valueRequired":true,"valueName":"search_term_string"}}],"inLanguage":"en-US"},{"@type":"Organization","@id":"https:\/\/www.mattiaqua.de\/en\/#organization","name":"mattiaqua","url":"https:\/\/www.mattiaqua.de\/en\/","logo":{"@type":"ImageObject","inLanguage":"en-US","@id":"https:\/\/www.mattiaqua.de\/en\/#\/schema\/logo\/image\/","url":"https:\/\/www.mattiaqua.de\/wp-content\/uploads\/logo-blau.svg","contentUrl":"https:\/\/www.mattiaqua.de\/wp-content\/uploads\/logo-blau.svg","width":1024,"height":1024,"caption":"mattiaqua"},"image":{"@id":"https:\/\/www.mattiaqua.de\/en\/#\/schema\/logo\/image\/"}}]}},"publishpress_future_action":{"enabled":false,"date":"2026-05-13 10:36:03","action":"change-status","newStatus":"draft","terms":[],"taxonomy":"translation_priority","extraData":[]},"publishpress_future_workflow_manual_trigger":{"enabledWorkflows":[]},"_links":{"self":[{"href":"https:\/\/www.mattiaqua.de\/en\/wp-json\/wp\/v2\/pages\/5140","targetHints":{"allow":["GET"]}}],"collection":[{"href":"https:\/\/www.mattiaqua.de\/en\/wp-json\/wp\/v2\/pages"}],"about":[{"href":"https:\/\/www.mattiaqua.de\/en\/wp-json\/wp\/v2\/types\/page"}],"author":[{"embeddable":true,"href":"https:\/\/www.mattiaqua.de\/en\/wp-json\/wp\/v2\/users\/1"}],"replies":[{"embeddable":true,"href":"https:\/\/www.mattiaqua.de\/en\/wp-json\/wp\/v2\/comments?post=5140"}],"version-history":[{"count":44,"href":"https:\/\/www.mattiaqua.de\/en\/wp-json\/wp\/v2\/pages\/5140\/revisions"}],"predecessor-version":[{"id":20555,"href":"https:\/\/www.mattiaqua.de\/en\/wp-json\/wp\/v2\/pages\/5140\/revisions\/20555"}],"up":[{"embeddable":true,"href":"https:\/\/www.mattiaqua.de\/en\/wp-json\/wp\/v2\/pages\/5110"}],"wp:attachment":[{"href":"https:\/\/www.mattiaqua.de\/en\/wp-json\/wp\/v2\/media?parent=5140"}],"curies":[{"name":"wp","href":"https:\/\/api.w.org\/{rel}","templated":true}]}}