{"id":5226,"date":"2020-11-26T14:12:16","date_gmt":"2020-11-26T13:12:16","guid":{"rendered":"https:\/\/www.mattiaqua.de\/kallebad\/facilities-kallebad\/"},"modified":"2024-12-02T15:21:02","modified_gmt":"2024-12-02T14:21:02","slug":"facilities","status":"publish","type":"page","link":"https:\/\/www.mattiaqua.de\/en\/pools\/kallebad\/facilities\/","title":{"rendered":"Facilities"},"content":{"rendered":"\n<div class=\"wp-block-cover is-light\" style=\"min-height:350px;aspect-ratio:unset;\"><img loading=\"lazy\" decoding=\"async\" width=\"1920\" height=\"600\" sizes=\"auto, (max-width: 1920px) 100vw, 1920px\" class=\"wp-block-cover__image-background wp-image-519\" alt=\"\" src=\"https:\/\/www.mattiaqua.de\/wp-content\/uploads\/B_Headerbilder_Kallebad.jpg\" data-object-fit=\"cover\" srcset=\"https:\/\/www.mattiaqua.de\/wp-content\/uploads\/B_Headerbilder_Kallebad.jpg 1920w, https:\/\/www.mattiaqua.de\/wp-content\/uploads\/B_Headerbilder_Kallebad-500x156.jpg 500w, https:\/\/www.mattiaqua.de\/wp-content\/uploads\/B_Headerbilder_Kallebad-1024x320.jpg 1024w, https:\/\/www.mattiaqua.de\/wp-content\/uploads\/B_Headerbilder_Kallebad-768x240.jpg 768w, https:\/\/www.mattiaqua.de\/wp-content\/uploads\/B_Headerbilder_Kallebad-1536x480.jpg 1536w, https:\/\/www.mattiaqua.de\/wp-content\/uploads\/B_Headerbilder_Kallebad-380x119.jpg 380w, https:\/\/www.mattiaqua.de\/wp-content\/uploads\/B_Headerbilder_Kallebad-320x100.jpg 320w, https:\/\/www.mattiaqua.de\/wp-content\/uploads\/B_Headerbilder_Kallebad-244x76.jpg 244w\" \/><span aria-hidden=\"true\" class=\"wp-block-cover__background has-background-dim wp-block-cover__gradient-background has-background-gradient\" style=\"background:linear-gradient(180deg,rgb(18,62,102) 31%,rgba(82,174,255,0) 100%)\"><\/span><div class=\"wp-block-cover__inner-container is-layout-flow wp-block-cover-is-layout-flow\">\n<h1 class=\"wp-block-heading\">Facilities<\/h1>\n<\/div><\/div>\n\n\n<div class=\"lazyblock-baeder-tabs-en-2ccQLK wp-block-lazyblock-baeder-tabs-en\"><div class=\"tabs-baeder\" id=\"baedertabs-2ccQLK\">\r\n  <ul class=\"nav nav-tabs nav-fill\" id=\"beadertablist\" role=\"tablist\">\r\n      <li class=\"nav-item\" role=\"presentation\">\r\n        <a class=\"nav-link active\" id=\"zeiten-tab\" data-toggle=\"tab\" href=\"#zeiten\" role=\"tab\" aria-controls=\"zeiten\" aria-selected=\"true\"><i class=\"fas fa-clock mr-sm-2\"><\/i><span class=\"small d-none d-sm-inline\">Times<\/span><\/a>\r\n      <\/li>\r\n      <li class=\"nav-item\" role=\"presentation\">\r\n        <a class=\"nav-link\" id=\"kontakt-tab\" data-toggle=\"tab\" href=\"#kontakt\" role=\"tab\" aria-controls=\"kontakt\" aria-selected=\"false\"><i class=\"fas fa-phone mr-sm-2\"><\/i><span class=\"small d-none d-sm-inline\">Contact<\/span><\/a>\r\n      <\/li>\r\n      <li class=\"nav-item\" role=\"presentation\">\r\n        <a class=\"nav-link\" id=\"buchung-tab\" data-toggle=\"tab\" href=\"#buchung\" role=\"tab\" aria-controls=\"buchung\" aria-selected=\"false\"><i class=\"fas fa-calendar-alt mr-sm-2\"><\/i><span class=\"small d-none d-sm-inline\">Booking<\/span><\/a>\r\n      <\/li>\r\n      <li class=\"nav-item\" role=\"presentation\">\r\n        <a class=\"nav-link\" id=\"anfahrt-tab\" data-toggle=\"tab\" href=\"#anfahrt\" role=\"tab\" aria-controls=\"anfahrt\" aria-selected=\"false\"><i class=\"fas fa-map-marked-alt mr-sm-2\"><\/i><span class=\"small d-none d-sm-inline\">Directions<\/span><\/a>\r\n      <\/li>\r\n  <\/ul>\r\n  \r\n  <div class=\"tab-content\" id=\"beadertabcontent\">\r\n      <div class=\"tab-pane fade show active\" id=\"zeiten\" role=\"tabpanel\" aria-labelledby=\"zeiten-tab\"><strong>Last day of swimming Wednesday, 3 September (dog swimming on Sunday, 7 September).<\/strong><br><br><p><strong>Mon to Sun:<\/strong> 10 am \u2013 8 pm<\/p>Last admission is one hour before closing time; the pools are emptied 30 minutes before closing time.<br><br><p><a style=\"font-size: revert; font-family: -apple-system, BlinkMacSystemFont, &quot;Segoe UI&quot;, Roboto, Oxygen-Sans, Ubuntu, Cantarell, &quot;Helvetica Neue&quot;, sans-serif;\" href=\"https:\/\/www.mattiaqua.de\/en\/pools\/kallebad\/admission-fees\/\">Check admission fees\u2026<\/a><\/p><\/div>\r\n      <div class=\"tab-pane fade\" id=\"kontakt\" role=\"tabpanel\" aria-labelledby=\"kontakt-tab\"><p>E-mail: <a href=\"mailto:freibad-kallebad@wiesbaden.de\">freibad-kallebad@wiesbaden.de<\/a><br>Phone: <a href=\"tel:+49611312524\">0611 31-2524<\/a><\/p><\/div>\r\n      <div class=\"tab-pane fade\" id=\"buchung\" role=\"tabpanel\" aria-labelledby=\"buchung-tab\"><p><a href=\"https:\/\/shop.mattiaqua.de\/events\/9\/event\/22\" target=\"_blank\" rel=\"noreferrer noopener\">E-Ticket booking<\/a><\/p><\/div>\r\n      <div class=\"tab-pane fade\" id=\"anfahrt\" role=\"tabpanel\" aria-labelledby=\"anfahrt-tab\">\r\n        <div class=\"row\">\r\n          <div class=\"col-md-5 mb-4 mb-md-0\">\r\n            <p><strong>Freibad Kallebad<\/strong><br>W\u00f6rther-See-Stra\u00dfe 14<br>65187 Wiesbaden<\/p>\r\n              <p class=\"mt-1 mb-0\">\r\n                <a href=\"https:\/\/goo.gl\/maps\/1XBWkS5dm68WzESr8\" target=\"_blank\" rel=\"nofollow\"><i class=\"fas fa-map-marker-alt\"><\/i> Google Maps<\/a>\r\n              <\/p>\r\n          <\/div>\r\n          <div class=\"col-md-7\">\r\n              <p class=\"mb-2\"><b>Accessibility by public transport:<\/b><br\/>Bus lines 15 &amp; 39 to W\u00f6rther-See-Stra\u00dfe; bus line 5 to Kallebad (Saarstra\u00dfe).<\/p>\r\n              <form class=\"opnv-form text-right\" method=\"get\" action=\"#\">\r\n                <div class=\"form-group\">\r\n                  <select class=\"opnv-select\" id=\"opnvselect\">\r\n                    <option class=\"opnv-1\" value=\"Wiesbaden+W%F6rther-See-Stra%DFe\">Kallebad<\/option>\r\n                    <option class=\"opnv-2\" value=\"Wiesbaden+Kleinfeldchen\">Kleinfeldchen<\/option>\r\n                    <option class=\"opnv-3\" value=\"Wiesbaden+Uthmannstra%DFe\">Kostheim<\/option>\r\n                    <option class=\"opnv-4\" value=\"Wiesbaden+Br%FCckenkopf+Kastel\">Maaraue<\/option>\r\n                    <option class=\"opnv-5\" value=\"Wiesbaden+Freizeitbad\">Mainzer Stra\u00dfe<\/option>\r\n                    <option class=\"opnv-6\" value=\"Wiesbaden+Nerotal\">Opelbad<\/option>\r\n                    <option class=\"opnv-7\" value=\"Wiesbaden+Webergasse\">Kaiser-Friedrich-Therme<\/option>\r\n                    <option class=\"opnv-8\" value=\"Wiesbaden+Thermalbad\">Thermalbad Aukammtal<\/option>\r\n                    <option class=\"opnv-9\" value=\"Wiesbaden+Kleinfeldchen\">Henkell-Kunsteisbahn<\/option>\r\n                    <option class=\"opnv-10\" value=\"Wiesbaden+Nerotal\">Martha &#8211; die H\u00fctte<\/option>\r\n                    <option class=\"opnv-11\" value=\"Wiesbaden-Biebrich+Rheinufer\/Rheingaustra\u00dfe\">Rettbergsaue<\/option>\r\n                    <option class=\"opnv-12\" value=\"Wiesbaden+Unter+den+Eichen\">Unter den Eichen<\/option>\r\n                  <\/select>\r\n                <\/div>\r\n                <button class=\"btn btn-sm btn-primary\" type=\"submit\">Search Connection<\/button>\r\n              <\/form>\r\n          <\/div>\r\n        <\/div>\r\n      <\/div>\r\n  <\/div>\r\n<\/div><\/div>\n\n<div class=\"lazyblock-nncontainer-Z1WmheU wp-block-lazyblock-nncontainer\"><div class=\"container pt-4 pb-2 pt-lg-5 pb-lg-4\" id=\"Z1WmheU\">\n  <div class=\"row\">\n    <div class=\"col\">\n      \n\n<h2 class=\"wp-block-heading has-text-align-center\">What we have to offer\u2026<\/h2>\n\n\n\n<p class=\"mb-5 wp-block-paragraph\"><strong>The Kallebad outdoor pool is the perfect place for bathing with lots of attractions and spacious facilities. You can explore 2,614 m\u00b2 of water in the following pools:<\/strong><\/p>\n\n\n\n<h4 class=\"wp-block-heading\" id=\"chapter141010100000112122-1015-sp_main_iterate-3-0\">Swimmers\u2019 pool<\/h4>\n\n\n\n<ul class=\"wp-block-list mb-5\">\n<li>Size: 50 x 21 m<\/li>\n\n\n\n<li>Area: 1,050 m\u00b2<\/li>\n\n\n\n<li>8 swimming lanes (50 m each)<\/li>\n\n\n\n<li>Depth: 1.40 m to 2 m<\/li>\n<\/ul>\n\n\n\n<h4 class=\"wp-block-heading\" id=\"chapter141010100000112122-1015-sp_main_iterate-4-0\">Diving bay<\/h4>\n\n\n\n<ul class=\"wp-block-list mb-5\">\n<li>Size: 12 x 11 m<\/li>\n\n\n\n<li>Area: 132 m\u00b2<\/li>\n\n\n\n<li>Diving boards: 3 m board and 1 m board<\/li>\n\n\n\n<li>Depth: 3.80 m<\/li>\n<\/ul>\n\n\n\n<h4 class=\"wp-block-heading\" id=\"chapter141010100000112122-1015-sp_main_iterate-5-0\">Non-swimmers\u2019 pool<\/h4>\n\n\n\n<ul class=\"wp-block-list mb-5\">\n<li>Size: &nbsp;43 x 24 m<\/li>\n\n\n\n<li>Area: 1,032 m\u00b2<\/li>\n\n\n\n<li>Apparatus: wide water slide<\/li>\n\n\n\n<li>Depth: &nbsp;60 cm to 1.35 m<\/li>\n<\/ul>\n\n\n\n<h4 class=\"wp-block-heading\" id=\"chapter141010100000112122-1015-sp_main_iterate-6-0\">Water playing area for families and toddlers<\/h4>\n\n\n\n<ul class=\"wp-block-list mb-5\">\n<li>The pool edge,&nbsp;water surface and stepping stones cover 500 m\u00b2<\/li>\n\n\n\n<li>Area: 112 m\u00b2<\/li>\n\n\n\n<li>Apparatus: paddling pool, water mushroom, elephant slide, Archimedean spiral, stepping stones, water wheel, dam, floor fountains for interactive games, small slide, and more\u2026<\/li>\n\n\n\n<li>Depth: max. 40 cm<\/li>\n\n\n\n<li>Four large parasols provide sufficient UV protection.<\/li>\n<\/ul>\n\n\n\n<p class=\"mb-8 wp-block-paragraph\">Kallebad outdoor pool also features a lawn with around 30,000 m\u00b2 of space, a family playing area in the water with a sludge playground and lots more interesting equipment, courts for badminton, basketball, beach volleyball (2), fun ball (2) and table tennis, a sunbathing area for nudist bathers, a sun deck and a swimming pool restaurant with a nice terrace.<\/p>\n\n\n    <\/div>\n  <\/div>\n<\/div><\/div>","protected":false},"excerpt":{"rendered":"","protected":false},"author":1,"featured_media":0,"parent":5116,"menu_order":0,"comment_status":"closed","ping_status":"closed","template":"","meta":{"_acf_changed":false,"_crdt_document":"","inline_featured_image":false,"pgc_sgb_lightbox_settings":"","footnotes":""},"class_list":["post-5226","page","type-page","status-publish","hentry"],"acf":[],"yoast_head":"<!-- This site is optimized with the Yoast SEO plugin v27.3 - https:\/\/yoast.com\/product\/yoast-seo-wordpress\/ -->\n<title>Facilities &#8211; mattiaqua<\/title>\n<meta name=\"robots\" content=\"index, follow, max-snippet:-1, max-image-preview:large, max-video-preview:-1\" \/>\n<link rel=\"canonical\" href=\"https:\/\/www.mattiaqua.de\/en\/pools\/kallebad\/facilities\/\" \/>\n<meta property=\"og:locale\" content=\"en_US\" \/>\n<meta property=\"og:type\" content=\"article\" \/>\n<meta property=\"og:title\" content=\"Facilities &#8211; mattiaqua\" \/>\n<meta property=\"og:url\" content=\"https:\/\/www.mattiaqua.de\/en\/pools\/kallebad\/facilities\/\" \/>\n<meta property=\"og:site_name\" content=\"mattiaqua\" \/>\n<meta property=\"article:modified_time\" content=\"2024-12-02T14:21:02+00:00\" \/>\n<meta property=\"og:image\" content=\"https:\/\/www.mattiaqua.de\/wp-content\/uploads\/B_Headerbilder_Kallebad.jpg\" \/>\n\t<meta property=\"og:image:width\" content=\"1920\" \/>\n\t<meta property=\"og:image:height\" content=\"600\" \/>\n\t<meta property=\"og:image:type\" content=\"image\/jpeg\" \/>\n<meta name=\"twitter:card\" content=\"summary_large_image\" \/>\n<meta name=\"twitter:label1\" content=\"Est. reading time\" \/>\n\t<meta name=\"twitter:data1\" content=\"2 minutes\" \/>\n<script type=\"application\/ld+json\" class=\"yoast-schema-graph\">{\"@context\":\"https:\\\/\\\/schema.org\",\"@graph\":[{\"@type\":\"WebPage\",\"@id\":\"https:\\\/\\\/www.mattiaqua.de\\\/en\\\/pools\\\/kallebad\\\/facilities\\\/\",\"url\":\"https:\\\/\\\/www.mattiaqua.de\\\/en\\\/pools\\\/kallebad\\\/facilities\\\/\",\"name\":\"Facilities &#8211; mattiaqua\",\"isPartOf\":{\"@id\":\"https:\\\/\\\/www.mattiaqua.de\\\/en\\\/#website\"},\"primaryImageOfPage\":{\"@id\":\"https:\\\/\\\/www.mattiaqua.de\\\/en\\\/pools\\\/kallebad\\\/facilities\\\/#primaryimage\"},\"image\":{\"@id\":\"https:\\\/\\\/www.mattiaqua.de\\\/en\\\/pools\\\/kallebad\\\/facilities\\\/#primaryimage\"},\"thumbnailUrl\":\"https:\\\/\\\/www.mattiaqua.de\\\/wp-content\\\/uploads\\\/B_Headerbilder_Kallebad.jpg\",\"datePublished\":\"2020-11-26T13:12:16+00:00\",\"dateModified\":\"2024-12-02T14:21:02+00:00\",\"breadcrumb\":{\"@id\":\"https:\\\/\\\/www.mattiaqua.de\\\/en\\\/pools\\\/kallebad\\\/facilities\\\/#breadcrumb\"},\"inLanguage\":\"en-US\",\"potentialAction\":[{\"@type\":\"ReadAction\",\"target\":[\"https:\\\/\\\/www.mattiaqua.de\\\/en\\\/pools\\\/kallebad\\\/facilities\\\/\"]}]},{\"@type\":\"ImageObject\",\"inLanguage\":\"en-US\",\"@id\":\"https:\\\/\\\/www.mattiaqua.de\\\/en\\\/pools\\\/kallebad\\\/facilities\\\/#primaryimage\",\"url\":\"https:\\\/\\\/www.mattiaqua.de\\\/wp-content\\\/uploads\\\/B_Headerbilder_Kallebad.jpg\",\"contentUrl\":\"https:\\\/\\\/www.mattiaqua.de\\\/wp-content\\\/uploads\\\/B_Headerbilder_Kallebad.jpg\"},{\"@type\":\"BreadcrumbList\",\"@id\":\"https:\\\/\\\/www.mattiaqua.de\\\/en\\\/pools\\\/kallebad\\\/facilities\\\/#breadcrumb\",\"itemListElement\":[{\"@type\":\"ListItem\",\"position\":1,\"name\":\"Startseite\",\"item\":\"https:\\\/\\\/www.mattiaqua.de\\\/en\\\/\"},{\"@type\":\"ListItem\",\"position\":2,\"name\":\"Pools\",\"item\":\"https:\\\/\\\/www.mattiaqua.de\\\/en\\\/pools\\\/\"},{\"@type\":\"ListItem\",\"position\":3,\"name\":\"Kallebad\",\"item\":\"https:\\\/\\\/www.mattiaqua.de\\\/en\\\/pools\\\/kallebad\\\/\"},{\"@type\":\"ListItem\",\"position\":4,\"name\":\"Facilities\"}]},{\"@type\":\"WebSite\",\"@id\":\"https:\\\/\\\/www.mattiaqua.de\\\/en\\\/#website\",\"url\":\"https:\\\/\\\/www.mattiaqua.de\\\/en\\\/\",\"name\":\"mattiaqua\",\"description\":\"Eigenbetrieb der Landeshauptstadt Wiesbaden f\u00fcr Quellen, B\u00e4der, Freizeit\",\"publisher\":{\"@id\":\"https:\\\/\\\/www.mattiaqua.de\\\/en\\\/#organization\"},\"potentialAction\":[{\"@type\":\"SearchAction\",\"target\":{\"@type\":\"EntryPoint\",\"urlTemplate\":\"https:\\\/\\\/www.mattiaqua.de\\\/en\\\/?s={search_term_string}\"},\"query-input\":{\"@type\":\"PropertyValueSpecification\",\"valueRequired\":true,\"valueName\":\"search_term_string\"}}],\"inLanguage\":\"en-US\"},{\"@type\":\"Organization\",\"@id\":\"https:\\\/\\\/www.mattiaqua.de\\\/en\\\/#organization\",\"name\":\"mattiaqua\",\"url\":\"https:\\\/\\\/www.mattiaqua.de\\\/en\\\/\",\"logo\":{\"@type\":\"ImageObject\",\"inLanguage\":\"en-US\",\"@id\":\"https:\\\/\\\/www.mattiaqua.de\\\/en\\\/#\\\/schema\\\/logo\\\/image\\\/\",\"url\":\"https:\\\/\\\/www.mattiaqua.de\\\/wp-content\\\/uploads\\\/logo-blau.svg\",\"contentUrl\":\"https:\\\/\\\/www.mattiaqua.de\\\/wp-content\\\/uploads\\\/logo-blau.svg\",\"width\":1024,\"height\":1024,\"caption\":\"mattiaqua\"},\"image\":{\"@id\":\"https:\\\/\\\/www.mattiaqua.de\\\/en\\\/#\\\/schema\\\/logo\\\/image\\\/\"}}]}<\/script>\n<!-- \/ Yoast SEO plugin. -->","yoast_head_json":{"title":"Facilities &#8211; mattiaqua","robots":{"index":"index","follow":"follow","max-snippet":"max-snippet:-1","max-image-preview":"max-image-preview:large","max-video-preview":"max-video-preview:-1"},"canonical":"https:\/\/www.mattiaqua.de\/en\/pools\/kallebad\/facilities\/","og_locale":"en_US","og_type":"article","og_title":"Facilities &#8211; mattiaqua","og_url":"https:\/\/www.mattiaqua.de\/en\/pools\/kallebad\/facilities\/","og_site_name":"mattiaqua","article_modified_time":"2024-12-02T14:21:02+00:00","og_image":[{"width":1920,"height":600,"url":"https:\/\/www.mattiaqua.de\/wp-content\/uploads\/B_Headerbilder_Kallebad.jpg","type":"image\/jpeg"}],"twitter_card":"summary_large_image","twitter_misc":{"Est. reading time":"2 minutes"},"schema":{"@context":"https:\/\/schema.org","@graph":[{"@type":"WebPage","@id":"https:\/\/www.mattiaqua.de\/en\/pools\/kallebad\/facilities\/","url":"https:\/\/www.mattiaqua.de\/en\/pools\/kallebad\/facilities\/","name":"Facilities &#8211; mattiaqua","isPartOf":{"@id":"https:\/\/www.mattiaqua.de\/en\/#website"},"primaryImageOfPage":{"@id":"https:\/\/www.mattiaqua.de\/en\/pools\/kallebad\/facilities\/#primaryimage"},"image":{"@id":"https:\/\/www.mattiaqua.de\/en\/pools\/kallebad\/facilities\/#primaryimage"},"thumbnailUrl":"https:\/\/www.mattiaqua.de\/wp-content\/uploads\/B_Headerbilder_Kallebad.jpg","datePublished":"2020-11-26T13:12:16+00:00","dateModified":"2024-12-02T14:21:02+00:00","breadcrumb":{"@id":"https:\/\/www.mattiaqua.de\/en\/pools\/kallebad\/facilities\/#breadcrumb"},"inLanguage":"en-US","potentialAction":[{"@type":"ReadAction","target":["https:\/\/www.mattiaqua.de\/en\/pools\/kallebad\/facilities\/"]}]},{"@type":"ImageObject","inLanguage":"en-US","@id":"https:\/\/www.mattiaqua.de\/en\/pools\/kallebad\/facilities\/#primaryimage","url":"https:\/\/www.mattiaqua.de\/wp-content\/uploads\/B_Headerbilder_Kallebad.jpg","contentUrl":"https:\/\/www.mattiaqua.de\/wp-content\/uploads\/B_Headerbilder_Kallebad.jpg"},{"@type":"BreadcrumbList","@id":"https:\/\/www.mattiaqua.de\/en\/pools\/kallebad\/facilities\/#breadcrumb","itemListElement":[{"@type":"ListItem","position":1,"name":"Startseite","item":"https:\/\/www.mattiaqua.de\/en\/"},{"@type":"ListItem","position":2,"name":"Pools","item":"https:\/\/www.mattiaqua.de\/en\/pools\/"},{"@type":"ListItem","position":3,"name":"Kallebad","item":"https:\/\/www.mattiaqua.de\/en\/pools\/kallebad\/"},{"@type":"ListItem","position":4,"name":"Facilities"}]},{"@type":"WebSite","@id":"https:\/\/www.mattiaqua.de\/en\/#website","url":"https:\/\/www.mattiaqua.de\/en\/","name":"mattiaqua","description":"Eigenbetrieb der Landeshauptstadt Wiesbaden f\u00fcr Quellen, B\u00e4der, Freizeit","publisher":{"@id":"https:\/\/www.mattiaqua.de\/en\/#organization"},"potentialAction":[{"@type":"SearchAction","target":{"@type":"EntryPoint","urlTemplate":"https:\/\/www.mattiaqua.de\/en\/?s={search_term_string}"},"query-input":{"@type":"PropertyValueSpecification","valueRequired":true,"valueName":"search_term_string"}}],"inLanguage":"en-US"},{"@type":"Organization","@id":"https:\/\/www.mattiaqua.de\/en\/#organization","name":"mattiaqua","url":"https:\/\/www.mattiaqua.de\/en\/","logo":{"@type":"ImageObject","inLanguage":"en-US","@id":"https:\/\/www.mattiaqua.de\/en\/#\/schema\/logo\/image\/","url":"https:\/\/www.mattiaqua.de\/wp-content\/uploads\/logo-blau.svg","contentUrl":"https:\/\/www.mattiaqua.de\/wp-content\/uploads\/logo-blau.svg","width":1024,"height":1024,"caption":"mattiaqua"},"image":{"@id":"https:\/\/www.mattiaqua.de\/en\/#\/schema\/logo\/image\/"}}]}},"publishpress_future_action":{"enabled":false,"date":"2026-04-16 12:13:08","action":"change-status","newStatus":"draft","terms":[],"taxonomy":"translation_priority","extraData":[]},"publishpress_future_workflow_manual_trigger":{"enabledWorkflows":[]},"_links":{"self":[{"href":"https:\/\/www.mattiaqua.de\/en\/wp-json\/wp\/v2\/pages\/5226","targetHints":{"allow":["GET"]}}],"collection":[{"href":"https:\/\/www.mattiaqua.de\/en\/wp-json\/wp\/v2\/pages"}],"about":[{"href":"https:\/\/www.mattiaqua.de\/en\/wp-json\/wp\/v2\/types\/page"}],"author":[{"embeddable":true,"href":"https:\/\/www.mattiaqua.de\/en\/wp-json\/wp\/v2\/users\/1"}],"replies":[{"embeddable":true,"href":"https:\/\/www.mattiaqua.de\/en\/wp-json\/wp\/v2\/comments?post=5226"}],"version-history":[{"count":13,"href":"https:\/\/www.mattiaqua.de\/en\/wp-json\/wp\/v2\/pages\/5226\/revisions"}],"predecessor-version":[{"id":18923,"href":"https:\/\/www.mattiaqua.de\/en\/wp-json\/wp\/v2\/pages\/5226\/revisions\/18923"}],"up":[{"embeddable":true,"href":"https:\/\/www.mattiaqua.de\/en\/wp-json\/wp\/v2\/pages\/5116"}],"wp:attachment":[{"href":"https:\/\/www.mattiaqua.de\/en\/wp-json\/wp\/v2\/media?parent=5226"}],"curies":[{"name":"wp","href":"https:\/\/api.w.org\/{rel}","templated":true}]}}