{"id":5232,"date":"2020-11-26T14:12:55","date_gmt":"2020-11-26T13:12:55","guid":{"rendered":"https:\/\/www.mattiaqua.de\/kallebad\/photo-gallery-kallebad\/"},"modified":"2020-12-01T13:38:19","modified_gmt":"2020-12-01T12:38:19","slug":"photo-gallery","status":"publish","type":"page","link":"https:\/\/www.mattiaqua.de\/en\/pools\/kallebad\/photo-gallery\/","title":{"rendered":"Photo gallery"},"content":{"rendered":"\n<div class=\"wp-block-cover has-background-dim has-background-gradient\" style=\"background-image:url(https:\/\/www.mattiaqua.de\/wp-content\/uploads\/B_Headerbilder_Kallebad.jpg);min-height:350px;aspect-ratio:unset;\"><span aria-hidden=\"true\" class=\"wp-block-cover__gradient-background\" style=\"background:linear-gradient(180deg,rgb(18,62,102) 31%,rgba(82,174,255,0) 100%)\"><\/span><div class=\"wp-block-cover__inner-container is-layout-flow wp-block-cover-is-layout-flow\">\n<h1 class=\"wp-block-heading\">Photo gallery<\/h1>\n<\/div><\/div>\n\n\n<div class=\"lazyblock-baeder-tabs-en-2ccQLK wp-block-lazyblock-baeder-tabs-en\"><div class=\"tabs-baeder\" id=\"baedertabs-2ccQLK\">\r\n  <ul class=\"nav nav-tabs nav-fill\" id=\"beadertablist\" role=\"tablist\">\r\n      <li class=\"nav-item\" role=\"presentation\">\r\n        <a class=\"nav-link active\" id=\"zeiten-tab\" data-toggle=\"tab\" href=\"#zeiten\" role=\"tab\" aria-controls=\"zeiten\" aria-selected=\"true\"><i class=\"fas fa-clock mr-sm-2\"><\/i><span class=\"small d-none d-sm-inline\">Times<\/span><\/a>\r\n      <\/li>\r\n      <li class=\"nav-item\" role=\"presentation\">\r\n        <a class=\"nav-link\" id=\"kontakt-tab\" data-toggle=\"tab\" href=\"#kontakt\" role=\"tab\" aria-controls=\"kontakt\" aria-selected=\"false\"><i class=\"fas fa-phone mr-sm-2\"><\/i><span class=\"small d-none d-sm-inline\">Contact<\/span><\/a>\r\n      <\/li>\r\n      <li class=\"nav-item\" role=\"presentation\">\r\n        <a class=\"nav-link\" id=\"buchung-tab\" data-toggle=\"tab\" href=\"#buchung\" role=\"tab\" aria-controls=\"buchung\" aria-selected=\"false\"><i class=\"fas fa-calendar-alt mr-sm-2\"><\/i><span class=\"small d-none d-sm-inline\">Booking<\/span><\/a>\r\n      <\/li>\r\n      <li class=\"nav-item\" role=\"presentation\">\r\n        <a class=\"nav-link\" id=\"anfahrt-tab\" data-toggle=\"tab\" href=\"#anfahrt\" role=\"tab\" aria-controls=\"anfahrt\" aria-selected=\"false\"><i class=\"fas fa-map-marked-alt mr-sm-2\"><\/i><span class=\"small d-none d-sm-inline\">Directions<\/span><\/a>\r\n      <\/li>\r\n  <\/ul>\r\n  \r\n  <div class=\"tab-content\" id=\"beadertabcontent\">\r\n      <div class=\"tab-pane fade show active\" id=\"zeiten\" role=\"tabpanel\" aria-labelledby=\"zeiten-tab\"><strong>Last day of swimming Wednesday, 3 September (dog swimming on Sunday, 7 September).<\/strong><br><br><p><strong>Mon to Sun:<\/strong> 10 am \u2013 8 pm<\/p>Last admission is one hour before closing time; the pools are emptied 30 minutes before closing time.<br><br><p><a style=\"font-size: revert; font-family: -apple-system, BlinkMacSystemFont, &quot;Segoe UI&quot;, Roboto, Oxygen-Sans, Ubuntu, Cantarell, &quot;Helvetica Neue&quot;, sans-serif;\" href=\"https:\/\/www.mattiaqua.de\/en\/pools\/kallebad\/admission-fees\/\">Check admission fees\u2026<\/a><\/p><\/div>\r\n      <div class=\"tab-pane fade\" id=\"kontakt\" role=\"tabpanel\" aria-labelledby=\"kontakt-tab\"><p>E-mail: <a href=\"mailto:freibad-kallebad@wiesbaden.de\">freibad-kallebad@wiesbaden.de<\/a><br>Phone: <a href=\"tel:+49611312524\">0611 31-2524<\/a><\/p><\/div>\r\n      <div class=\"tab-pane fade\" id=\"buchung\" role=\"tabpanel\" aria-labelledby=\"buchung-tab\"><p><a href=\"https:\/\/shop.mattiaqua.de\/events\/9\/event\/22\" target=\"_blank\" rel=\"noreferrer noopener\">E-Ticket booking<\/a><\/p><\/div>\r\n      <div class=\"tab-pane fade\" id=\"anfahrt\" role=\"tabpanel\" aria-labelledby=\"anfahrt-tab\">\r\n        <div class=\"row\">\r\n          <div class=\"col-md-5 mb-4 mb-md-0\">\r\n            <p><strong>Freibad Kallebad<\/strong><br>W\u00f6rther-See-Stra\u00dfe 14<br>65187 Wiesbaden<\/p>\r\n              <p class=\"mt-1 mb-0\">\r\n                <a href=\"https:\/\/goo.gl\/maps\/1XBWkS5dm68WzESr8\" target=\"_blank\" rel=\"nofollow\"><i class=\"fas fa-map-marker-alt\"><\/i> Google Maps<\/a>\r\n              <\/p>\r\n          <\/div>\r\n          <div class=\"col-md-7\">\r\n              <p class=\"mb-2\"><b>Accessibility by public transport:<\/b><br\/>Bus lines 15 &amp; 39 to W\u00f6rther-See-Stra\u00dfe; bus line 5 to Kallebad (Saarstra\u00dfe).<\/p>\r\n              <form class=\"opnv-form text-right\" method=\"get\" action=\"#\">\r\n                <div class=\"form-group\">\r\n                  <select class=\"opnv-select\" id=\"opnvselect\">\r\n                    <option class=\"opnv-1\" value=\"Wiesbaden+W%F6rther-See-Stra%DFe\">Kallebad<\/option>\r\n                    <option class=\"opnv-2\" value=\"Wiesbaden+Kleinfeldchen\">Kleinfeldchen<\/option>\r\n                    <option class=\"opnv-3\" value=\"Wiesbaden+Uthmannstra%DFe\">Kostheim<\/option>\r\n                    <option class=\"opnv-4\" value=\"Wiesbaden+Br%FCckenkopf+Kastel\">Maaraue<\/option>\r\n                    <option class=\"opnv-5\" value=\"Wiesbaden+Freizeitbad\">Mainzer Stra\u00dfe<\/option>\r\n                    <option class=\"opnv-6\" value=\"Wiesbaden+Nerotal\">Opelbad<\/option>\r\n                    <option class=\"opnv-7\" value=\"Wiesbaden+Webergasse\">Kaiser-Friedrich-Therme<\/option>\r\n                    <option class=\"opnv-8\" value=\"Wiesbaden+Thermalbad\">Thermalbad Aukammtal<\/option>\r\n                    <option class=\"opnv-9\" value=\"Wiesbaden+Kleinfeldchen\">Henkell-Kunsteisbahn<\/option>\r\n                    <option class=\"opnv-10\" value=\"Wiesbaden+Nerotal\">Martha &#8211; die H\u00fctte<\/option>\r\n                    <option class=\"opnv-11\" value=\"Wiesbaden-Biebrich+Rheinufer\/Rheingaustra\u00dfe\">Rettbergsaue<\/option>\r\n                    <option class=\"opnv-12\" value=\"Wiesbaden+Unter+den+Eichen\">Unter den Eichen<\/option>\r\n                  <\/select>\r\n                <\/div>\r\n                <button class=\"btn btn-sm btn-primary\" type=\"submit\">Search Connection<\/button>\r\n              <\/form>\r\n          <\/div>\r\n        <\/div>\r\n      <\/div>\r\n  <\/div>\r\n<\/div><\/div>\n\n<div class=\"lazyblock-nncontainer-Z1WmheU wp-block-lazyblock-nncontainer\"><div class=\"container pt-4 pb-2 pt-lg-5 pb-lg-4\" id=\"Z1WmheU\">\n  <div class=\"row\">\n    <div class=\"col\">\n      \n\n<h2 class=\"has-text-align-center wp-block-heading\">Kallebad has something for everyone \u2013 swimmers, non-swimmers, paddlers and divers\u2026<\/h2>\n\n\n\n<figure class=\"wp-block-gallery columns-3 is-cropped mb-5 pb-5 wp-block-gallery-2 is-layout-flex wp-block-gallery-is-layout-flex\"><ul class=\"blocks-gallery-grid\"><li class=\"blocks-gallery-item\"><figure><a href=\"https:\/\/www.mattiaqua.de\/wp-content\/uploads\/kallebad_2.jpg\"><img loading=\"lazy\" decoding=\"async\" width=\"1024\" height=\"576\" src=\"https:\/\/www.mattiaqua.de\/wp-content\/uploads\/\/kallebad_2-1024x576.jpg\" alt=\"\" data-id=\"951\" data-full-url=\"https:\/\/www.mattiaqua.de\/wp-content\/uploads\/kallebad_2.jpg\" data-link=\"https:\/\/www.mattiaqua.de\/baeder\/kallebad\/impressionen\/attachment\/kallebad_2\/\" class=\"wp-image-3722\" srcset=\"https:\/\/www.mattiaqua.de\/wp-content\/uploads\/kallebad_2-1024x576.jpg 1024w, https:\/\/www.mattiaqua.de\/wp-content\/uploads\/kallebad_2-500x280.jpg 500w, https:\/\/www.mattiaqua.de\/wp-content\/uploads\/kallebad_2-768x432.jpg 768w, https:\/\/www.mattiaqua.de\/wp-content\/uploads\/kallebad_2-1536x864.jpg 1536w, https:\/\/www.mattiaqua.de\/wp-content\/uploads\/kallebad_2-277x156.jpg 277w, https:\/\/www.mattiaqua.de\/wp-content\/uploads\/kallebad_2-233x131.jpg 233w, https:\/\/www.mattiaqua.de\/wp-content\/uploads\/kallebad_2-178x100.jpg 178w, https:\/\/www.mattiaqua.de\/wp-content\/uploads\/kallebad_2.jpg 1600w\" sizes=\"auto, (max-width: 1024px) 100vw, 1024px\" \/><\/a><\/figure><\/li><li class=\"blocks-gallery-item\"><figure><a href=\"https:\/\/www.mattiaqua.de\/wp-content\/uploads\/kallebad_45.jpg\"><img loading=\"lazy\" decoding=\"async\" width=\"1024\" height=\"576\" src=\"https:\/\/www.mattiaqua.de\/wp-content\/uploads\/\/kallebad_45-1024x576.jpg\" alt=\"\" data-id=\"961\" data-full-url=\"https:\/\/www.mattiaqua.de\/wp-content\/uploads\/kallebad_45.jpg\" data-link=\"https:\/\/www.mattiaqua.de\/kallebad_45\/\" class=\"wp-image-3729\" srcset=\"https:\/\/www.mattiaqua.de\/wp-content\/uploads\/kallebad_45-1024x576.jpg 1024w, https:\/\/www.mattiaqua.de\/wp-content\/uploads\/kallebad_45-500x280.jpg 500w, https:\/\/www.mattiaqua.de\/wp-content\/uploads\/kallebad_45-768x432.jpg 768w, https:\/\/www.mattiaqua.de\/wp-content\/uploads\/kallebad_45-1536x864.jpg 1536w, https:\/\/www.mattiaqua.de\/wp-content\/uploads\/kallebad_45-277x156.jpg 277w, https:\/\/www.mattiaqua.de\/wp-content\/uploads\/kallebad_45-233x131.jpg 233w, https:\/\/www.mattiaqua.de\/wp-content\/uploads\/kallebad_45-178x100.jpg 178w, https:\/\/www.mattiaqua.de\/wp-content\/uploads\/kallebad_45.jpg 1600w\" sizes=\"auto, (max-width: 1024px) 100vw, 1024px\" \/><\/a><\/figure><\/li><li class=\"blocks-gallery-item\"><figure><a href=\"https:\/\/www.mattiaqua.de\/wp-content\/uploads\/kallebad_30.jpg\"><img loading=\"lazy\" decoding=\"async\" width=\"1024\" height=\"629\" src=\"https:\/\/www.mattiaqua.de\/wp-content\/uploads\/\/kallebad_30-1024x629.jpg\" alt=\"\" data-id=\"958\" data-full-url=\"https:\/\/www.mattiaqua.de\/wp-content\/uploads\/kallebad_30.jpg\" data-link=\"https:\/\/www.mattiaqua.de\/kallebad_30\/\" class=\"wp-image-3726\" srcset=\"https:\/\/www.mattiaqua.de\/wp-content\/uploads\/kallebad_30-1024x629.jpg 1024w, https:\/\/www.mattiaqua.de\/wp-content\/uploads\/kallebad_30-500x307.jpg 500w, https:\/\/www.mattiaqua.de\/wp-content\/uploads\/kallebad_30-768x472.jpg 768w, https:\/\/www.mattiaqua.de\/wp-content\/uploads\/kallebad_30-1536x944.jpg 1536w, https:\/\/www.mattiaqua.de\/wp-content\/uploads\/kallebad_30-254x156.jpg 254w, https:\/\/www.mattiaqua.de\/wp-content\/uploads\/kallebad_30-213x131.jpg 213w, https:\/\/www.mattiaqua.de\/wp-content\/uploads\/kallebad_30-163x100.jpg 163w, https:\/\/www.mattiaqua.de\/wp-content\/uploads\/kallebad_30.jpg 1600w\" sizes=\"auto, (max-width: 1024px) 100vw, 1024px\" \/><\/a><\/figure><\/li><li class=\"blocks-gallery-item\"><figure><a href=\"https:\/\/www.mattiaqua.de\/wp-content\/uploads\/kallebad_14-1.jpg\"><img loading=\"lazy\" decoding=\"async\" width=\"1024\" height=\"576\" src=\"https:\/\/www.mattiaqua.de\/wp-content\/uploads\/\/kallebad_14-1-1024x576.jpg\" alt=\"\" data-id=\"956\" data-full-url=\"https:\/\/www.mattiaqua.de\/wp-content\/uploads\/kallebad_14-1.jpg\" data-link=\"https:\/\/www.mattiaqua.de\/baeder\/kallebad\/impressionen\/attachment\/kallebad_14-1\/\" class=\"wp-image-3725\" srcset=\"https:\/\/www.mattiaqua.de\/wp-content\/uploads\/kallebad_14-1-1024x576.jpg 1024w, https:\/\/www.mattiaqua.de\/wp-content\/uploads\/kallebad_14-1-500x280.jpg 500w, https:\/\/www.mattiaqua.de\/wp-content\/uploads\/kallebad_14-1-768x432.jpg 768w, https:\/\/www.mattiaqua.de\/wp-content\/uploads\/kallebad_14-1-1536x864.jpg 1536w, https:\/\/www.mattiaqua.de\/wp-content\/uploads\/kallebad_14-1-277x156.jpg 277w, https:\/\/www.mattiaqua.de\/wp-content\/uploads\/kallebad_14-1-233x131.jpg 233w, https:\/\/www.mattiaqua.de\/wp-content\/uploads\/kallebad_14-1-178x100.jpg 178w, https:\/\/www.mattiaqua.de\/wp-content\/uploads\/kallebad_14-1.jpg 1600w\" sizes=\"auto, (max-width: 1024px) 100vw, 1024px\" \/><\/a><\/figure><\/li><li class=\"blocks-gallery-item\"><figure><a href=\"https:\/\/www.mattiaqua.de\/wp-content\/uploads\/kallebad_20.jpg\"><img loading=\"lazy\" decoding=\"async\" width=\"1024\" height=\"576\" src=\"https:\/\/www.mattiaqua.de\/wp-content\/uploads\/\/kallebad_20-1024x576.jpg\" alt=\"\" data-id=\"955\" data-full-url=\"https:\/\/www.mattiaqua.de\/wp-content\/uploads\/kallebad_20.jpg\" data-link=\"https:\/\/www.mattiaqua.de\/baeder\/kallebad\/impressionen\/attachment\/kallebad_20\/\" class=\"wp-image-3724\" srcset=\"https:\/\/www.mattiaqua.de\/wp-content\/uploads\/kallebad_20-1024x576.jpg 1024w, https:\/\/www.mattiaqua.de\/wp-content\/uploads\/kallebad_20-500x280.jpg 500w, https:\/\/www.mattiaqua.de\/wp-content\/uploads\/kallebad_20-768x432.jpg 768w, https:\/\/www.mattiaqua.de\/wp-content\/uploads\/kallebad_20-1536x864.jpg 1536w, https:\/\/www.mattiaqua.de\/wp-content\/uploads\/kallebad_20-277x156.jpg 277w, https:\/\/www.mattiaqua.de\/wp-content\/uploads\/kallebad_20-233x131.jpg 233w, https:\/\/www.mattiaqua.de\/wp-content\/uploads\/kallebad_20-178x100.jpg 178w, https:\/\/www.mattiaqua.de\/wp-content\/uploads\/kallebad_20.jpg 1600w\" sizes=\"auto, (max-width: 1024px) 100vw, 1024px\" \/><\/a><\/figure><\/li><li class=\"blocks-gallery-item\"><figure><a href=\"https:\/\/www.mattiaqua.de\/wp-content\/uploads\/kallebad_7.jpg\"><img loading=\"lazy\" decoding=\"async\" width=\"1024\" height=\"576\" src=\"https:\/\/www.mattiaqua.de\/wp-content\/uploads\/\/kallebad_7-1024x576.jpg\" alt=\"\" data-id=\"953\" data-full-url=\"https:\/\/www.mattiaqua.de\/wp-content\/uploads\/kallebad_7.jpg\" data-link=\"https:\/\/www.mattiaqua.de\/baeder\/kallebad\/impressionen\/attachment\/kallebad_7\/\" class=\"wp-image-3723\" srcset=\"https:\/\/www.mattiaqua.de\/wp-content\/uploads\/kallebad_7-1024x576.jpg 1024w, https:\/\/www.mattiaqua.de\/wp-content\/uploads\/kallebad_7-500x280.jpg 500w, https:\/\/www.mattiaqua.de\/wp-content\/uploads\/kallebad_7-768x432.jpg 768w, https:\/\/www.mattiaqua.de\/wp-content\/uploads\/kallebad_7-1536x864.jpg 1536w, https:\/\/www.mattiaqua.de\/wp-content\/uploads\/kallebad_7-277x156.jpg 277w, https:\/\/www.mattiaqua.de\/wp-content\/uploads\/kallebad_7-233x131.jpg 233w, https:\/\/www.mattiaqua.de\/wp-content\/uploads\/kallebad_7-178x100.jpg 178w, https:\/\/www.mattiaqua.de\/wp-content\/uploads\/kallebad_7.jpg 1600w\" sizes=\"auto, (max-width: 1024px) 100vw, 1024px\" \/><\/a><\/figure><\/li><li class=\"blocks-gallery-item\"><figure><a href=\"https:\/\/www.mattiaqua.de\/wp-content\/uploads\/kallebad_44.jpg\"><img loading=\"lazy\" decoding=\"async\" width=\"1024\" height=\"576\" src=\"https:\/\/www.mattiaqua.de\/wp-content\/uploads\/\/kallebad_44-1024x576.jpg\" alt=\"\" data-id=\"960\" data-full-url=\"https:\/\/www.mattiaqua.de\/wp-content\/uploads\/kallebad_44.jpg\" data-link=\"https:\/\/www.mattiaqua.de\/kallebad_44\/\" class=\"wp-image-3728\" srcset=\"https:\/\/www.mattiaqua.de\/wp-content\/uploads\/kallebad_44-1024x576.jpg 1024w, https:\/\/www.mattiaqua.de\/wp-content\/uploads\/kallebad_44-500x280.jpg 500w, https:\/\/www.mattiaqua.de\/wp-content\/uploads\/kallebad_44-768x432.jpg 768w, https:\/\/www.mattiaqua.de\/wp-content\/uploads\/kallebad_44-1536x864.jpg 1536w, https:\/\/www.mattiaqua.de\/wp-content\/uploads\/kallebad_44-277x156.jpg 277w, https:\/\/www.mattiaqua.de\/wp-content\/uploads\/kallebad_44-233x131.jpg 233w, https:\/\/www.mattiaqua.de\/wp-content\/uploads\/kallebad_44-178x100.jpg 178w, https:\/\/www.mattiaqua.de\/wp-content\/uploads\/kallebad_44.jpg 1600w\" sizes=\"auto, (max-width: 1024px) 100vw, 1024px\" \/><\/a><\/figure><\/li><li class=\"blocks-gallery-item\"><figure><a href=\"https:\/\/www.mattiaqua.de\/wp-content\/uploads\/kallebad_34.jpg\"><img loading=\"lazy\" decoding=\"async\" width=\"1024\" height=\"576\" src=\"https:\/\/www.mattiaqua.de\/wp-content\/uploads\/\/kallebad_34-1024x576.jpg\" alt=\"\" data-id=\"959\" data-full-url=\"https:\/\/www.mattiaqua.de\/wp-content\/uploads\/kallebad_34.jpg\" data-link=\"https:\/\/www.mattiaqua.de\/kallebad_34\/\" class=\"wp-image-3727\" srcset=\"https:\/\/www.mattiaqua.de\/wp-content\/uploads\/kallebad_34-1024x576.jpg 1024w, https:\/\/www.mattiaqua.de\/wp-content\/uploads\/kallebad_34-500x280.jpg 500w, https:\/\/www.mattiaqua.de\/wp-content\/uploads\/kallebad_34-768x432.jpg 768w, https:\/\/www.mattiaqua.de\/wp-content\/uploads\/kallebad_34-1536x864.jpg 1536w, https:\/\/www.mattiaqua.de\/wp-content\/uploads\/kallebad_34-277x156.jpg 277w, https:\/\/www.mattiaqua.de\/wp-content\/uploads\/kallebad_34-233x131.jpg 233w, https:\/\/www.mattiaqua.de\/wp-content\/uploads\/kallebad_34-178x100.jpg 178w, https:\/\/www.mattiaqua.de\/wp-content\/uploads\/kallebad_34.jpg 1600w\" sizes=\"auto, (max-width: 1024px) 100vw, 1024px\" \/><\/a><\/figure><\/li><\/ul><\/figure>\n\n\n    <\/div>\n  <\/div>\n<\/div><\/div>","protected":false},"excerpt":{"rendered":"","protected":false},"author":1,"featured_media":0,"parent":5116,"menu_order":0,"comment_status":"closed","ping_status":"closed","template":"","meta":{"_acf_changed":false,"_crdt_document":"","inline_featured_image":false,"pgc_sgb_lightbox_settings":"","footnotes":""},"class_list":["post-5232","page","type-page","status-publish","hentry"],"acf":[],"yoast_head":"<!-- This site is optimized with the Yoast SEO plugin v27.3 - https:\/\/yoast.com\/product\/yoast-seo-wordpress\/ -->\n<title>Photo gallery &#8211; mattiaqua<\/title>\n<meta name=\"robots\" content=\"index, follow, max-snippet:-1, max-image-preview:large, max-video-preview:-1\" \/>\n<link rel=\"canonical\" href=\"https:\/\/www.mattiaqua.de\/en\/pools\/kallebad\/photo-gallery\/\" \/>\n<meta property=\"og:locale\" content=\"en_US\" \/>\n<meta property=\"og:type\" content=\"article\" \/>\n<meta property=\"og:title\" content=\"Photo gallery &#8211; mattiaqua\" \/>\n<meta property=\"og:url\" content=\"https:\/\/www.mattiaqua.de\/en\/pools\/kallebad\/photo-gallery\/\" \/>\n<meta property=\"og:site_name\" content=\"mattiaqua\" \/>\n<meta property=\"article:modified_time\" content=\"2020-12-01T12:38:19+00:00\" \/>\n<meta property=\"og:image\" content=\"https:\/\/www.mattiaqua.de\/wp-content\/uploads\/\/kallebad_2-1024x576.jpg\" \/>\n<meta name=\"twitter:card\" content=\"summary_large_image\" \/>\n<script type=\"application\/ld+json\" class=\"yoast-schema-graph\">{\"@context\":\"https:\\\/\\\/schema.org\",\"@graph\":[{\"@type\":\"WebPage\",\"@id\":\"https:\\\/\\\/www.mattiaqua.de\\\/en\\\/pools\\\/kallebad\\\/photo-gallery\\\/\",\"url\":\"https:\\\/\\\/www.mattiaqua.de\\\/en\\\/pools\\\/kallebad\\\/photo-gallery\\\/\",\"name\":\"Photo gallery &#8211; mattiaqua\",\"isPartOf\":{\"@id\":\"https:\\\/\\\/www.mattiaqua.de\\\/en\\\/#website\"},\"primaryImageOfPage\":{\"@id\":\"https:\\\/\\\/www.mattiaqua.de\\\/en\\\/pools\\\/kallebad\\\/photo-gallery\\\/#primaryimage\"},\"image\":{\"@id\":\"https:\\\/\\\/www.mattiaqua.de\\\/en\\\/pools\\\/kallebad\\\/photo-gallery\\\/#primaryimage\"},\"thumbnailUrl\":\"https:\\\/\\\/www.mattiaqua.de\\\/wp-content\\\/uploads\\\/\\\/kallebad_2-1024x576.jpg\",\"datePublished\":\"2020-11-26T13:12:55+00:00\",\"dateModified\":\"2020-12-01T12:38:19+00:00\",\"breadcrumb\":{\"@id\":\"https:\\\/\\\/www.mattiaqua.de\\\/en\\\/pools\\\/kallebad\\\/photo-gallery\\\/#breadcrumb\"},\"inLanguage\":\"en-US\",\"potentialAction\":[{\"@type\":\"ReadAction\",\"target\":[\"https:\\\/\\\/www.mattiaqua.de\\\/en\\\/pools\\\/kallebad\\\/photo-gallery\\\/\"]}]},{\"@type\":\"ImageObject\",\"inLanguage\":\"en-US\",\"@id\":\"https:\\\/\\\/www.mattiaqua.de\\\/en\\\/pools\\\/kallebad\\\/photo-gallery\\\/#primaryimage\",\"url\":\"https:\\\/\\\/www.mattiaqua.de\\\/wp-content\\\/uploads\\\/\\\/kallebad_2-1024x576.jpg\",\"contentUrl\":\"https:\\\/\\\/www.mattiaqua.de\\\/wp-content\\\/uploads\\\/\\\/kallebad_2-1024x576.jpg\"},{\"@type\":\"BreadcrumbList\",\"@id\":\"https:\\\/\\\/www.mattiaqua.de\\\/en\\\/pools\\\/kallebad\\\/photo-gallery\\\/#breadcrumb\",\"itemListElement\":[{\"@type\":\"ListItem\",\"position\":1,\"name\":\"Startseite\",\"item\":\"https:\\\/\\\/www.mattiaqua.de\\\/en\\\/\"},{\"@type\":\"ListItem\",\"position\":2,\"name\":\"Pools\",\"item\":\"https:\\\/\\\/www.mattiaqua.de\\\/en\\\/pools\\\/\"},{\"@type\":\"ListItem\",\"position\":3,\"name\":\"Kallebad\",\"item\":\"https:\\\/\\\/www.mattiaqua.de\\\/en\\\/pools\\\/kallebad\\\/\"},{\"@type\":\"ListItem\",\"position\":4,\"name\":\"Photo gallery\"}]},{\"@type\":\"WebSite\",\"@id\":\"https:\\\/\\\/www.mattiaqua.de\\\/en\\\/#website\",\"url\":\"https:\\\/\\\/www.mattiaqua.de\\\/en\\\/\",\"name\":\"mattiaqua\",\"description\":\"Eigenbetrieb der Landeshauptstadt Wiesbaden f\u00fcr Quellen, B\u00e4der, Freizeit\",\"publisher\":{\"@id\":\"https:\\\/\\\/www.mattiaqua.de\\\/en\\\/#organization\"},\"potentialAction\":[{\"@type\":\"SearchAction\",\"target\":{\"@type\":\"EntryPoint\",\"urlTemplate\":\"https:\\\/\\\/www.mattiaqua.de\\\/en\\\/?s={search_term_string}\"},\"query-input\":{\"@type\":\"PropertyValueSpecification\",\"valueRequired\":true,\"valueName\":\"search_term_string\"}}],\"inLanguage\":\"en-US\"},{\"@type\":\"Organization\",\"@id\":\"https:\\\/\\\/www.mattiaqua.de\\\/en\\\/#organization\",\"name\":\"mattiaqua\",\"url\":\"https:\\\/\\\/www.mattiaqua.de\\\/en\\\/\",\"logo\":{\"@type\":\"ImageObject\",\"inLanguage\":\"en-US\",\"@id\":\"https:\\\/\\\/www.mattiaqua.de\\\/en\\\/#\\\/schema\\\/logo\\\/image\\\/\",\"url\":\"https:\\\/\\\/www.mattiaqua.de\\\/wp-content\\\/uploads\\\/logo-blau.svg\",\"contentUrl\":\"https:\\\/\\\/www.mattiaqua.de\\\/wp-content\\\/uploads\\\/logo-blau.svg\",\"width\":1024,\"height\":1024,\"caption\":\"mattiaqua\"},\"image\":{\"@id\":\"https:\\\/\\\/www.mattiaqua.de\\\/en\\\/#\\\/schema\\\/logo\\\/image\\\/\"}}]}<\/script>\n<!-- \/ Yoast SEO plugin. -->","yoast_head_json":{"title":"Photo gallery &#8211; mattiaqua","robots":{"index":"index","follow":"follow","max-snippet":"max-snippet:-1","max-image-preview":"max-image-preview:large","max-video-preview":"max-video-preview:-1"},"canonical":"https:\/\/www.mattiaqua.de\/en\/pools\/kallebad\/photo-gallery\/","og_locale":"en_US","og_type":"article","og_title":"Photo gallery &#8211; mattiaqua","og_url":"https:\/\/www.mattiaqua.de\/en\/pools\/kallebad\/photo-gallery\/","og_site_name":"mattiaqua","article_modified_time":"2020-12-01T12:38:19+00:00","og_image":[{"url":"https:\/\/www.mattiaqua.de\/wp-content\/uploads\/\/kallebad_2-1024x576.jpg","type":"","width":"","height":""}],"twitter_card":"summary_large_image","schema":{"@context":"https:\/\/schema.org","@graph":[{"@type":"WebPage","@id":"https:\/\/www.mattiaqua.de\/en\/pools\/kallebad\/photo-gallery\/","url":"https:\/\/www.mattiaqua.de\/en\/pools\/kallebad\/photo-gallery\/","name":"Photo gallery &#8211; mattiaqua","isPartOf":{"@id":"https:\/\/www.mattiaqua.de\/en\/#website"},"primaryImageOfPage":{"@id":"https:\/\/www.mattiaqua.de\/en\/pools\/kallebad\/photo-gallery\/#primaryimage"},"image":{"@id":"https:\/\/www.mattiaqua.de\/en\/pools\/kallebad\/photo-gallery\/#primaryimage"},"thumbnailUrl":"https:\/\/www.mattiaqua.de\/wp-content\/uploads\/\/kallebad_2-1024x576.jpg","datePublished":"2020-11-26T13:12:55+00:00","dateModified":"2020-12-01T12:38:19+00:00","breadcrumb":{"@id":"https:\/\/www.mattiaqua.de\/en\/pools\/kallebad\/photo-gallery\/#breadcrumb"},"inLanguage":"en-US","potentialAction":[{"@type":"ReadAction","target":["https:\/\/www.mattiaqua.de\/en\/pools\/kallebad\/photo-gallery\/"]}]},{"@type":"ImageObject","inLanguage":"en-US","@id":"https:\/\/www.mattiaqua.de\/en\/pools\/kallebad\/photo-gallery\/#primaryimage","url":"https:\/\/www.mattiaqua.de\/wp-content\/uploads\/\/kallebad_2-1024x576.jpg","contentUrl":"https:\/\/www.mattiaqua.de\/wp-content\/uploads\/\/kallebad_2-1024x576.jpg"},{"@type":"BreadcrumbList","@id":"https:\/\/www.mattiaqua.de\/en\/pools\/kallebad\/photo-gallery\/#breadcrumb","itemListElement":[{"@type":"ListItem","position":1,"name":"Startseite","item":"https:\/\/www.mattiaqua.de\/en\/"},{"@type":"ListItem","position":2,"name":"Pools","item":"https:\/\/www.mattiaqua.de\/en\/pools\/"},{"@type":"ListItem","position":3,"name":"Kallebad","item":"https:\/\/www.mattiaqua.de\/en\/pools\/kallebad\/"},{"@type":"ListItem","position":4,"name":"Photo gallery"}]},{"@type":"WebSite","@id":"https:\/\/www.mattiaqua.de\/en\/#website","url":"https:\/\/www.mattiaqua.de\/en\/","name":"mattiaqua","description":"Eigenbetrieb der Landeshauptstadt Wiesbaden f\u00fcr Quellen, B\u00e4der, Freizeit","publisher":{"@id":"https:\/\/www.mattiaqua.de\/en\/#organization"},"potentialAction":[{"@type":"SearchAction","target":{"@type":"EntryPoint","urlTemplate":"https:\/\/www.mattiaqua.de\/en\/?s={search_term_string}"},"query-input":{"@type":"PropertyValueSpecification","valueRequired":true,"valueName":"search_term_string"}}],"inLanguage":"en-US"},{"@type":"Organization","@id":"https:\/\/www.mattiaqua.de\/en\/#organization","name":"mattiaqua","url":"https:\/\/www.mattiaqua.de\/en\/","logo":{"@type":"ImageObject","inLanguage":"en-US","@id":"https:\/\/www.mattiaqua.de\/en\/#\/schema\/logo\/image\/","url":"https:\/\/www.mattiaqua.de\/wp-content\/uploads\/logo-blau.svg","contentUrl":"https:\/\/www.mattiaqua.de\/wp-content\/uploads\/logo-blau.svg","width":1024,"height":1024,"caption":"mattiaqua"},"image":{"@id":"https:\/\/www.mattiaqua.de\/en\/#\/schema\/logo\/image\/"}}]}},"publishpress_future_action":{"enabled":false,"date":"2026-04-22 04:46:48","action":"change-status","newStatus":"draft","terms":[],"taxonomy":"translation_priority","extraData":[]},"publishpress_future_workflow_manual_trigger":{"enabledWorkflows":[]},"_links":{"self":[{"href":"https:\/\/www.mattiaqua.de\/en\/wp-json\/wp\/v2\/pages\/5232","targetHints":{"allow":["GET"]}}],"collection":[{"href":"https:\/\/www.mattiaqua.de\/en\/wp-json\/wp\/v2\/pages"}],"about":[{"href":"https:\/\/www.mattiaqua.de\/en\/wp-json\/wp\/v2\/types\/page"}],"author":[{"embeddable":true,"href":"https:\/\/www.mattiaqua.de\/en\/wp-json\/wp\/v2\/users\/1"}],"replies":[{"embeddable":true,"href":"https:\/\/www.mattiaqua.de\/en\/wp-json\/wp\/v2\/comments?post=5232"}],"version-history":[{"count":9,"href":"https:\/\/www.mattiaqua.de\/en\/wp-json\/wp\/v2\/pages\/5232\/revisions"}],"predecessor-version":[{"id":6011,"href":"https:\/\/www.mattiaqua.de\/en\/wp-json\/wp\/v2\/pages\/5232\/revisions\/6011"}],"up":[{"embeddable":true,"href":"https:\/\/www.mattiaqua.de\/en\/wp-json\/wp\/v2\/pages\/5116"}],"wp:attachment":[{"href":"https:\/\/www.mattiaqua.de\/en\/wp-json\/wp\/v2\/media?parent=5232"}],"curies":[{"name":"wp","href":"https:\/\/api.w.org\/{rel}","templated":true}]}}